{"id":737,"date":"2021-03-03T08:42:27","date_gmt":"2021-03-03T08:42:27","guid":{"rendered":"https:\/\/themetechmount.com\/wordpress\/fablio\/?page_id=737"},"modified":"2025-07-13T19:36:45","modified_gmt":"2025-07-13T16:36:45","slug":"our-story","status":"publish","type":"page","link":"https:\/\/www.plyflex.pl\/tr\/our-story\/","title":{"rendered":"Bizim Hikayemiz"},"content":{"rendered":"<div class=\"wpb-content-wrapper\">\n\n\n\n<div class=\"tm-row wpb_row vc_row-fluid vc_custom_1615809786973 tm-responsive-custom-16987661 vc_column-gap-default tm-zindex-0 vc_row container tm-bgimage-position-center_center\">\n\n\t\t\n\t <div class=\"vc_column-gap-default\"> \t\n\t\t\n\n<div class=\"wpb_column tm-column vc_column_container vc_col-sm-12 tm-zindex-0\">\n\t<div class=\"vc_column-inner\">\n\t\t\t\t<div class=\"wpb_wrapper\">\n\t\t\t\n\t<div class=\"wpb_text_column wpb_content_element\" >\n\t\t<div class=\"wpb_wrapper\">\n\t\t\t<section>\n<h1>Kompozit Kontrplak ile Kendi Hikayenizi Yarat\u0131n<\/h1>\n<p>Kimi zaman trafikte, kimi zaman i\u015fte, kimi zaman \u00fcretirken, kimi zaman da d\u00fc\u015f\u00fcn\u00fcrken zamana kar\u015f\u0131 yar\u0131\u015f\u0131yoruz. Bu yo\u011fun tempo i\u00e7inde her zaman hayat\u0131m\u0131z\u0131 kolayla\u015ft\u0131racak pratik \u00e7\u00f6z\u00fcmler ar\u0131yoruz. \u0130\u015fte Kompozit Kontrplak tam da bu noktada devreye giriyor.<\/p>\n<h2>Hayat\u0131n Her An\u0131na Dokunmak<\/h2>\n<p>Her an yeni bir zorluk getirir ve malzemelerimiz t\u00fcm bu zorluklarda sizi desteklemek i\u00e7in haz\u0131rd\u0131r.<\/p>\n<h3>Ya\u015fam Tarz\u0131n\u0131za Uyum Sa\u011flayan Malzemeler<\/h3>\n<p>Plyflex'te \u00fcretti\u011fimiz yenilik\u00e7i malzemelerle hayat\u0131n\u0131z\u0131n her an\u0131na dokunuyoruz. Kompozit Kontrplak, y\u00fcksek dayan\u0131kl\u0131l\u0131\u011f\u0131 ve geni\u015f kullan\u0131m alanlar\u0131yla \u00f6ne \u00e7\u0131k\u0131yor. \u0130n\u015faat sekt\u00f6r\u00fcnden mobilya yap\u0131m\u0131na, dekoratif uygulamalardan end\u00fcstriyel kullan\u0131mlara kadar say\u0131s\u0131z projede g\u00fcvenle tercih ediliyor.<\/p>\n<h2>Bor Bazl\u0131 Kompozit Teknolojisi ile Yenilik\u00e7ilik<\/h2>\n<p>\u0130lerlememizin temelinde bor minerallerinin g\u00fcc\u00fc \u00fczerine in\u015fa edilmi\u015f en ileri kompozit teknolojisi yatmaktad\u0131r.<\/p>\n<h3>Yanmaz, Kokusuz ve \u00c7\u00fcr\u00fcmeye Dayan\u0131kl\u0131 Paneller<\/h3>\n<p>Plyflex'i ger\u00e7ekten benzersiz k\u0131lan, kompozit panellerimizde bor bazl\u0131 mineraller kullanmam\u0131zd\u0131r. Bu geli\u015fmi\u015f form\u00fcl sayesinde panellerimiz sadece suya dayan\u0131kl\u0131 olmakla kalmaz, ayn\u0131 zamanda yanmaz, kokusuz ve \u00e7\u00fcr\u00fcmeye kar\u015f\u0131 diren\u00e7lidir. Bu \u00f6zellikler, onlar\u0131 en y\u00fcksek g\u00fcvenlik ve performans standartlar\u0131n\u0131 talep eden projeler i\u00e7in tercih edilen se\u00e7enek haline getirmektedir.<\/p>\n<h2>Her Proje i\u00e7in Dayan\u0131kl\u0131l\u0131k ve \u00c7ok Y\u00f6nl\u00fcl\u00fck<\/h2>\n<p>Projeniz ne olursa olsun, uzun \u00f6m\u00fcrl\u00fc ve uyum sa\u011flayan malzemelere ihtiyac\u0131n\u0131z vard\u0131r; b\u00f6ylece vizyonunuz zamana kar\u015f\u0131 dayan\u0131kl\u0131 olur.<\/p>\n<h3>\u0130n\u015faattan \u0130\u00e7 Tasar\u0131ma<\/h3>\n<p>Plyflex'in Kompozit Kontrplaklar\u0131, \u00f6zellikle d\u0131\u015f mekan projelerinde ve \u0131slak ortamlarda uzun \u00f6m\u00fcrl\u00fc \u00e7\u00f6z\u00fcmler sunar. \u0130n\u015faatta, sa\u011flam ve g\u00fcvenilir kal\u0131plar olu\u015fturmak i\u00e7in ona g\u00fcvenebilirsiniz.<\/p>\n<h3>Mobilya ve Dekoratif Uygulamalar<\/h3>\n<p>Mobilya yap\u0131m\u0131nda, banyo ve mutfak gibi zorlu alanlarda bile \u00fcst\u00fcnl\u00fck sa\u011flar. \u00d6zel kompozitimizden \u00fcretilen dekoratif duvar panelleri, benzersiz esnekli\u011fi ve dayan\u0131kl\u0131l\u0131\u011f\u0131 ile mekanlar\u0131n\u0131za estetik bir dokunu\u015f katar.<\/p>\n<h3>A\u011f\u0131r Hizmet Tipi End\u00fcstriyel Kullan\u0131mlar<\/h3>\n<p>Kamyon zeminlerinden \u00e7e\u015fitli end\u00fcstriyel uygulamalara kadar, Plyflex paneller geni\u015f bir olas\u0131l\u0131k ve g\u00fcvenilirlik yelpazesi sunar.<\/p>\n<h2>Hikayenizde Fark Yarat\u0131n<\/h2>\n<p>Her proje bir hikaye anlat\u0131r ve Plyflex ile sizinki kalite ve yenilikle \u00f6ne \u00e7\u0131kabilir.<\/p>\n<h3>Projeleri D\u00f6n\u00fc\u015ft\u00fcrmek, \u0130novasyona \u0130lham Vermek<\/h3>\n<p>Plyflex Kompozit Kontrplak'\u0131n benzersiz \u00f6zellikleri onu hayat\u0131n her alan\u0131nda vazge\u00e7ilmez k\u0131l\u0131yor. Dayan\u0131kl\u0131l\u0131\u011f\u0131, esteti\u011fi ve \u00e7ok y\u00f6nl\u00fcl\u00fc\u011f\u00fc ile projelerinizi d\u00f6n\u00fc\u015ft\u00fcrecek bu malzemeyi ke\u015ffetmenin \u015fimdi tam zaman\u0131. Plyflex'i se\u00e7in, kendi hikayenizi yarat\u0131n ve fark\u0131 hissedin!<\/p>\n<\/section>\n\n\t\t<\/div>\n\t<\/div>\n\t\t<\/div>\n\t<\/div>\n<\/div>\n\n\n\n\t\t\n\t <\/div> <\/div>\n\n\n\n\n\n\n\n\n<\/div>","protected":false},"excerpt":{"rendered":"Create Your Own Story with Composite Plywood We are racing against time, sometimes in traffic, sometimes at work, sometimes while producing, and sometimes while thinking. In this busy pace, we are always searching for practical solutions that make our lives easier. This is exactly where Composite Plywood comes into play. Touching Every Moment of Life &hellip; <a href=\"https:\/\/www.plyflex.pl\/tr\/our-story\/\" class=\"more-link\">Continue reading <span class=\"screen-reader-text\">Bizim Hikayemiz<\/span><\/a>","protected":false},"author":1,"featured_media":0,"parent":0,"menu_order":0,"comment_status":"closed","ping_status":"closed","template":"","meta":{"footnotes":""},"class_list":["post-737","page","type-page","status-publish","hentry"],"yoast_head":"<!-- This site is optimized with the Yoast SEO Premium plugin v25.1 (Yoast SEO v25.5) - https:\/\/yoast.com\/wordpress\/plugins\/seo\/ -->\n<title>Our Story - PlyFleX<\/title>\n<meta name=\"robots\" content=\"index, follow, max-snippet:-1, max-image-preview:large, max-video-preview:-1\" \/>\n<link rel=\"canonical\" href=\"https:\/\/www.plyflex.pl\/tr\/our-story\/\" \/>\n<meta property=\"og:locale\" content=\"tr_TR\" \/>\n<meta property=\"og:type\" content=\"article\" \/>\n<meta property=\"og:title\" content=\"Our Story\" \/>\n<meta property=\"og:url\" content=\"https:\/\/www.plyflex.pl\/tr\/our-story\/\" \/>\n<meta property=\"og:site_name\" content=\"PlyFleX\" \/>\n<meta property=\"article:modified_time\" content=\"2025-07-13T16:36:45+00:00\" \/>\n<meta name=\"twitter:card\" content=\"summary_large_image\" \/>\n<meta name=\"twitter:label1\" content=\"Tahmini okuma s\u00fcresi\" \/>\n\t<meta name=\"twitter:data1\" content=\"2 dakika\" \/>\n<script type=\"application\/ld+json\" class=\"yoast-schema-graph\">{\"@context\":\"https:\/\/schema.org\",\"@graph\":[{\"@type\":\"WebPage\",\"@id\":\"https:\/\/www.plyflex.pl\/our-story\/\",\"url\":\"https:\/\/www.plyflex.pl\/our-story\/\",\"name\":\"Our Story - PlyFleX\",\"isPartOf\":{\"@id\":\"https:\/\/www.plyflex.pl\/#website\"},\"datePublished\":\"2021-03-03T08:42:27+00:00\",\"dateModified\":\"2025-07-13T16:36:45+00:00\",\"breadcrumb\":{\"@id\":\"https:\/\/www.plyflex.pl\/our-story\/#breadcrumb\"},\"inLanguage\":\"tr\",\"potentialAction\":[{\"@type\":\"ReadAction\",\"target\":[\"https:\/\/www.plyflex.pl\/our-story\/\"]}]},{\"@type\":\"BreadcrumbList\",\"@id\":\"https:\/\/www.plyflex.pl\/our-story\/#breadcrumb\",\"itemListElement\":[{\"@type\":\"ListItem\",\"position\":1,\"name\":\"Home\",\"item\":\"https:\/\/www.plyflex.pl\/\"},{\"@type\":\"ListItem\",\"position\":2,\"name\":\"Our Story\"}]},{\"@type\":\"WebSite\",\"@id\":\"https:\/\/www.plyflex.pl\/#website\",\"url\":\"https:\/\/www.plyflex.pl\/\",\"name\":\"PlyFleX\",\"description\":\"Composite Plywood\",\"publisher\":{\"@id\":\"https:\/\/www.plyflex.pl\/#organization\"},\"potentialAction\":[{\"@type\":\"SearchAction\",\"target\":{\"@type\":\"EntryPoint\",\"urlTemplate\":\"https:\/\/www.plyflex.pl\/?s={search_term_string}\"},\"query-input\":{\"@type\":\"PropertyValueSpecification\",\"valueRequired\":true,\"valueName\":\"search_term_string\"}}],\"inLanguage\":\"tr\"},{\"@type\":\"Organization\",\"@id\":\"https:\/\/www.plyflex.pl\/#organization\",\"name\":\"PlyFleX\",\"url\":\"https:\/\/www.plyflex.pl\/\",\"logo\":{\"@type\":\"ImageObject\",\"inLanguage\":\"tr\",\"@id\":\"https:\/\/www.plyflex.pl\/#\/schema\/logo\/image\/\",\"url\":\"https:\/\/www.plyflex.pl\/wp-content\/uploads\/2025\/07\/logo400x246-2.png\",\"contentUrl\":\"https:\/\/www.plyflex.pl\/wp-content\/uploads\/2025\/07\/logo400x246-2.png\",\"width\":400,\"height\":246,\"caption\":\"PlyFleX\"},\"image\":{\"@id\":\"https:\/\/www.plyflex.pl\/#\/schema\/logo\/image\/\"}}]}<\/script>\n<!-- \/ Yoast SEO Premium plugin. -->","yoast_head_json":{"title":"Our Story - PlyFleX","robots":{"index":"index","follow":"follow","max-snippet":"max-snippet:-1","max-image-preview":"max-image-preview:large","max-video-preview":"max-video-preview:-1"},"canonical":"https:\/\/www.plyflex.pl\/tr\/our-story\/","og_locale":"tr_TR","og_type":"article","og_title":"Our Story","og_url":"https:\/\/www.plyflex.pl\/tr\/our-story\/","og_site_name":"PlyFleX","article_modified_time":"2025-07-13T16:36:45+00:00","twitter_card":"summary_large_image","twitter_misc":{"Tahmini okuma s\u00fcresi":"2 dakika"},"schema":{"@context":"https:\/\/schema.org","@graph":[{"@type":"WebPage","@id":"https:\/\/www.plyflex.pl\/our-story\/","url":"https:\/\/www.plyflex.pl\/our-story\/","name":"Our Story - PlyFleX","isPartOf":{"@id":"https:\/\/www.plyflex.pl\/#website"},"datePublished":"2021-03-03T08:42:27+00:00","dateModified":"2025-07-13T16:36:45+00:00","breadcrumb":{"@id":"https:\/\/www.plyflex.pl\/our-story\/#breadcrumb"},"inLanguage":"tr","potentialAction":[{"@type":"ReadAction","target":["https:\/\/www.plyflex.pl\/our-story\/"]}]},{"@type":"BreadcrumbList","@id":"https:\/\/www.plyflex.pl\/our-story\/#breadcrumb","itemListElement":[{"@type":"ListItem","position":1,"name":"Home","item":"https:\/\/www.plyflex.pl\/"},{"@type":"ListItem","position":2,"name":"Our Story"}]},{"@type":"WebSite","@id":"https:\/\/www.plyflex.pl\/#website","url":"https:\/\/www.plyflex.pl\/","name":"PlyFleX","description":"Composite Plywood","publisher":{"@id":"https:\/\/www.plyflex.pl\/#organization"},"potentialAction":[{"@type":"SearchAction","target":{"@type":"EntryPoint","urlTemplate":"https:\/\/www.plyflex.pl\/?s={search_term_string}"},"query-input":{"@type":"PropertyValueSpecification","valueRequired":true,"valueName":"search_term_string"}}],"inLanguage":"tr"},{"@type":"Organization","@id":"https:\/\/www.plyflex.pl\/#organization","name":"PlyFleX","url":"https:\/\/www.plyflex.pl\/","logo":{"@type":"ImageObject","inLanguage":"tr","@id":"https:\/\/www.plyflex.pl\/#\/schema\/logo\/image\/","url":"https:\/\/www.plyflex.pl\/wp-content\/uploads\/2025\/07\/logo400x246-2.png","contentUrl":"https:\/\/www.plyflex.pl\/wp-content\/uploads\/2025\/07\/logo400x246-2.png","width":400,"height":246,"caption":"PlyFleX"},"image":{"@id":"https:\/\/www.plyflex.pl\/#\/schema\/logo\/image\/"}}]}},"_links":{"self":[{"href":"https:\/\/www.plyflex.pl\/tr\/wp-json\/wp\/v2\/pages\/737","targetHints":{"allow":["GET"]}}],"collection":[{"href":"https:\/\/www.plyflex.pl\/tr\/wp-json\/wp\/v2\/pages"}],"about":[{"href":"https:\/\/www.plyflex.pl\/tr\/wp-json\/wp\/v2\/types\/page"}],"author":[{"embeddable":true,"href":"https:\/\/www.plyflex.pl\/tr\/wp-json\/wp\/v2\/users\/1"}],"replies":[{"embeddable":true,"href":"https:\/\/www.plyflex.pl\/tr\/wp-json\/wp\/v2\/comments?post=737"}],"version-history":[{"count":3,"href":"https:\/\/www.plyflex.pl\/tr\/wp-json\/wp\/v2\/pages\/737\/revisions"}],"predecessor-version":[{"id":2816,"href":"https:\/\/www.plyflex.pl\/tr\/wp-json\/wp\/v2\/pages\/737\/revisions\/2816"}],"wp:attachment":[{"href":"https:\/\/www.plyflex.pl\/tr\/wp-json\/wp\/v2\/media?parent=737"}],"curies":[{"name":"wp","href":"https:\/\/api.w.org\/{rel}","templated":true}]}}