{"id":2857,"date":"2025-07-13T21:51:18","date_gmt":"2025-07-13T18:51:18","guid":{"rendered":"https:\/\/www.plyflex.pl\/?page_id=2857"},"modified":"2025-07-15T02:58:56","modified_gmt":"2025-07-14T23:58:56","slug":"projects","status":"publish","type":"page","link":"https:\/\/www.plyflex.pl\/tr\/projects\/","title":{"rendered":"Projeler"},"content":{"rendered":"<div class=\"wpb-content-wrapper\"><div class=\"tm-row wpb_row vc_row-fluid vc_column-gap-default tm-zindex-0 vc_row container tm-bgimage-position-center_center\">\n\n\t\t\n\t <div class=\"vc_column-gap-default\"> \t\n\t\t\n\n<div class=\"wpb_column tm-column vc_column_container vc_col-sm-12 tm-zindex-0\">\n\t<div class=\"vc_column-inner\">\n\t\t\t\t<div class=\"wpb_wrapper\">\n\t\t\t\n\t<div class=\"wpb_text_column wpb_content_element\" >\n\t\t<div class=\"wpb_wrapper\">\n\t\t\t<h1>\u0130n\u015faat ve Karavan Projelerindeki Uygulamalar<\/h1>\n<p>Kompozit kontrplak, hem modern \u015fantiyeler hem de \u00f6zel karavan tasar\u0131mlar\u0131 i\u00e7in tercih edilen \u00e7\u00f6z\u00fcm olarak \u00f6ne \u00e7\u0131k\u0131yor. Geli\u015fmi\u015f \u00f6zellikleriyle, hem profesyonel in\u015faat\u00e7\u0131lar\u0131n hem de mobil ya\u015fam merakl\u0131lar\u0131n\u0131n benzersiz ihtiya\u00e7lar\u0131na sorunsuz bir \u015fekilde uyum sa\u011flar.<\/p>\n<h2>Yenilik\u00e7i Projeler i\u00e7in Ola\u011fan\u00fcst\u00fc \u00c7ok Y\u00f6nl\u00fcl\u00fck<\/h2>\n<p>\u0130ster b\u00fcy\u00fck binalarda ta\u015f\u0131y\u0131c\u0131 duvarlar i\u00e7in ister kompakt karavanlarda i\u015flevsel bir bile\u015fen olarak kullan\u0131ls\u0131n, kompozit kontrplak \u00fcst\u00fcn performans sunar. Neme, darbeye ve deformasyona kar\u015f\u0131 direnci ve \u00e7evre dostu kimli\u011fi, onu \u00e7ok \u00e7e\u015fitli zorlu ortamlar i\u00e7in ideal hale getirir.<\/p>\n<h3>\u0130n\u015faat Projeleri<\/h3>\n<p>\u0130n\u015faatta, kompozit kontrplak yap\u0131sal kal\u0131p, duvar kaplamas\u0131, yal\u0131t\u0131m panelleri ve mod\u00fcler yap\u0131 elemanlar\u0131 i\u00e7in kullan\u0131l\u0131r. Mukavemeti ve hassas boyutlar\u0131 g\u00fcvenli montaj sa\u011flar, israf\u0131 azalt\u0131r ve proje zaman \u00e7izelgelerini h\u0131zland\u0131rmaya yard\u0131mc\u0131 olur. Do\u011fal bor mineral bile\u015fimi ve geri d\u00f6n\u00fc\u015ft\u00fcr\u00fclebilirli\u011fi sayesinde daha sa\u011fl\u0131kl\u0131, daha s\u00fcrd\u00fcr\u00fclebilir \u015fantiyelere katk\u0131da bulunur.<\/p>\n<h3>Karavan Projeleri<\/h3>\n<p>Kompozit kontrplak, hafif yap\u0131s\u0131, y\u00fcksek dayan\u0131kl\u0131l\u0131\u011f\u0131 ve \u00e7\u00fcr\u00fcme veya k\u00fcflenmeye kar\u015f\u0131 direnci nedeniyle karavan end\u00fcstrisinde giderek daha pop\u00fcler hale gelmektedir. Karavanlarda d\u00f6\u015feme, i\u00e7 panel, dolap ve mobilya i\u00e7in kullan\u0131l\u0131r ve hem yap\u0131sal b\u00fct\u00fcnl\u00fck hem de modern estetik sunar. Toksik olmayan, geri d\u00f6n\u00fc\u015ft\u00fcr\u00fclebilir malzemesi i\u00e7 mekan hava kalitesini art\u0131r\u0131r ve \u00e7evreye duyarl\u0131 mobil ya\u015fam\u0131 destekler.<\/p>\n\n\t\t<\/div>\n\t<\/div>\n\t\t<\/div>\n\t<\/div>\n<\/div>\n\n\n\n\t\t\n\t <\/div> <\/div>\n\n\n\n\n\n\n\n\n\n\n\n<div class=\"tm-row wpb_row vc_row-fluid vc_column-gap-default tm-zindex-0 vc_row container tm-bgimage-position-center_center\">\n\n\t\t\n\t <div class=\"vc_column-gap-default\"> \t\n\t\t\n\n<div class=\"wpb_column tm-column vc_column_container vc_col-sm-12 tm-zindex-0\">\n\t<div class=\"vc_column-inner\">\n\t\t\t\t<div class=\"wpb_wrapper\">\n\t\t\t\n\t<div class=\"wpb_text_column wpb_content_element\" >\n\t\t<div class=\"wpb_wrapper\">\n\t\t\t<h2>\u00d6nde Gelen \u015eirketlerin G\u00fcvendi\u011fi<\/h2>\n<p>Kompozit kontrplak \u00e7\u00f6z\u00fcmlerimiz, sekt\u00f6r lideri firmalar taraf\u0131ndan \u00e7ok say\u0131da y\u00fcksek profilli in\u015faat ve karavan projesinde ba\u015far\u0131yla uygulanm\u0131\u015ft\u0131r. Kaliteye, s\u00fcrd\u00fcr\u00fclebilirli\u011fe ve uzun vadeli performansa de\u011fer veren yenilik\u00e7i \u015firketlerle i\u015fbirli\u011fi yapmaktan gurur duyuyoruz. A\u015fa\u011f\u0131daki i\u015f ortaklar\u0131m\u0131z en zorlu uygulamalar\u0131 i\u00e7in \u00fcr\u00fcnlerimizi se\u00e7erek m\u00fckemmellik ve g\u00fcvenilir hizmet taahh\u00fcd\u00fcm\u00fcze duyduklar\u0131 g\u00fcveni yans\u0131tm\u0131\u015flard\u0131r.<\/p>\n\n\t\t<\/div>\n\t<\/div>\n\t\t<\/div>\n\t<\/div>\n<\/div>\n\n\n\n\t\t\n\t <\/div> <\/div>\n<\/div>","protected":false},"excerpt":{"rendered":"Applications in Construction and Caravan Projects Composite plywood stands out as the preferred solution for both modern construction sites and custom caravan designs. With its advanced properties, it seamlessly adapts to the unique needs of professional builders and mobile living enthusiasts alike. Exceptional Versatility for Innovative Projects Whether used for load-bearing walls in large buildings &hellip; <a href=\"https:\/\/www.plyflex.pl\/tr\/projects\/\" class=\"more-link\">Continue reading <span class=\"screen-reader-text\">Projeler<\/span><\/a>","protected":false},"author":7,"featured_media":0,"parent":0,"menu_order":0,"comment_status":"closed","ping_status":"closed","template":"","meta":{"footnotes":""},"class_list":["post-2857","page","type-page","status-publish","hentry"],"yoast_head":"<!-- This site is optimized with the Yoast SEO Premium plugin v25.1 (Yoast SEO v25.5) - https:\/\/yoast.com\/wordpress\/plugins\/seo\/ -->\n<title>Projects - PlyFleX<\/title>\n<meta name=\"robots\" content=\"index, follow, max-snippet:-1, max-image-preview:large, max-video-preview:-1\" \/>\n<link rel=\"canonical\" href=\"https:\/\/www.plyflex.pl\/tr\/projects\/\" \/>\n<meta property=\"og:locale\" content=\"tr_TR\" \/>\n<meta property=\"og:type\" content=\"article\" \/>\n<meta property=\"og:title\" content=\"Projects\" \/>\n<meta property=\"og:url\" content=\"https:\/\/www.plyflex.pl\/tr\/projects\/\" \/>\n<meta property=\"og:site_name\" content=\"PlyFleX\" \/>\n<meta property=\"article:modified_time\" content=\"2025-07-14T23:58:56+00:00\" \/>\n<meta name=\"twitter:card\" content=\"summary_large_image\" \/>\n<meta name=\"twitter:label1\" content=\"Tahmini okuma s\u00fcresi\" \/>\n\t<meta name=\"twitter:data1\" content=\"1 dakika\" \/>\n<script type=\"application\/ld+json\" class=\"yoast-schema-graph\">{\"@context\":\"https:\/\/schema.org\",\"@graph\":[{\"@type\":\"WebPage\",\"@id\":\"https:\/\/www.plyflex.pl\/projects\/\",\"url\":\"https:\/\/www.plyflex.pl\/projects\/\",\"name\":\"Projects - PlyFleX\",\"isPartOf\":{\"@id\":\"https:\/\/www.plyflex.pl\/#website\"},\"datePublished\":\"2025-07-13T18:51:18+00:00\",\"dateModified\":\"2025-07-14T23:58:56+00:00\",\"breadcrumb\":{\"@id\":\"https:\/\/www.plyflex.pl\/projects\/#breadcrumb\"},\"inLanguage\":\"tr\",\"potentialAction\":[{\"@type\":\"ReadAction\",\"target\":[\"https:\/\/www.plyflex.pl\/projects\/\"]}]},{\"@type\":\"BreadcrumbList\",\"@id\":\"https:\/\/www.plyflex.pl\/projects\/#breadcrumb\",\"itemListElement\":[{\"@type\":\"ListItem\",\"position\":1,\"name\":\"Home\",\"item\":\"https:\/\/www.plyflex.pl\/\"},{\"@type\":\"ListItem\",\"position\":2,\"name\":\"Projects\"}]},{\"@type\":\"WebSite\",\"@id\":\"https:\/\/www.plyflex.pl\/#website\",\"url\":\"https:\/\/www.plyflex.pl\/\",\"name\":\"PlyFleX\",\"description\":\"Composite Plywood\",\"publisher\":{\"@id\":\"https:\/\/www.plyflex.pl\/#organization\"},\"potentialAction\":[{\"@type\":\"SearchAction\",\"target\":{\"@type\":\"EntryPoint\",\"urlTemplate\":\"https:\/\/www.plyflex.pl\/?s={search_term_string}\"},\"query-input\":{\"@type\":\"PropertyValueSpecification\",\"valueRequired\":true,\"valueName\":\"search_term_string\"}}],\"inLanguage\":\"tr\"},{\"@type\":\"Organization\",\"@id\":\"https:\/\/www.plyflex.pl\/#organization\",\"name\":\"PlyFleX\",\"url\":\"https:\/\/www.plyflex.pl\/\",\"logo\":{\"@type\":\"ImageObject\",\"inLanguage\":\"tr\",\"@id\":\"https:\/\/www.plyflex.pl\/#\/schema\/logo\/image\/\",\"url\":\"https:\/\/www.plyflex.pl\/wp-content\/uploads\/2025\/07\/logo400x246-2.png\",\"contentUrl\":\"https:\/\/www.plyflex.pl\/wp-content\/uploads\/2025\/07\/logo400x246-2.png\",\"width\":400,\"height\":246,\"caption\":\"PlyFleX\"},\"image\":{\"@id\":\"https:\/\/www.plyflex.pl\/#\/schema\/logo\/image\/\"}}]}<\/script>\n<!-- \/ Yoast SEO Premium plugin. -->","yoast_head_json":{"title":"Projects - PlyFleX","robots":{"index":"index","follow":"follow","max-snippet":"max-snippet:-1","max-image-preview":"max-image-preview:large","max-video-preview":"max-video-preview:-1"},"canonical":"https:\/\/www.plyflex.pl\/tr\/projects\/","og_locale":"tr_TR","og_type":"article","og_title":"Projects","og_url":"https:\/\/www.plyflex.pl\/tr\/projects\/","og_site_name":"PlyFleX","article_modified_time":"2025-07-14T23:58:56+00:00","twitter_card":"summary_large_image","twitter_misc":{"Tahmini okuma s\u00fcresi":"1 dakika"},"schema":{"@context":"https:\/\/schema.org","@graph":[{"@type":"WebPage","@id":"https:\/\/www.plyflex.pl\/projects\/","url":"https:\/\/www.plyflex.pl\/projects\/","name":"Projects - PlyFleX","isPartOf":{"@id":"https:\/\/www.plyflex.pl\/#website"},"datePublished":"2025-07-13T18:51:18+00:00","dateModified":"2025-07-14T23:58:56+00:00","breadcrumb":{"@id":"https:\/\/www.plyflex.pl\/projects\/#breadcrumb"},"inLanguage":"tr","potentialAction":[{"@type":"ReadAction","target":["https:\/\/www.plyflex.pl\/projects\/"]}]},{"@type":"BreadcrumbList","@id":"https:\/\/www.plyflex.pl\/projects\/#breadcrumb","itemListElement":[{"@type":"ListItem","position":1,"name":"Home","item":"https:\/\/www.plyflex.pl\/"},{"@type":"ListItem","position":2,"name":"Projects"}]},{"@type":"WebSite","@id":"https:\/\/www.plyflex.pl\/#website","url":"https:\/\/www.plyflex.pl\/","name":"PlyFleX","description":"Composite Plywood","publisher":{"@id":"https:\/\/www.plyflex.pl\/#organization"},"potentialAction":[{"@type":"SearchAction","target":{"@type":"EntryPoint","urlTemplate":"https:\/\/www.plyflex.pl\/?s={search_term_string}"},"query-input":{"@type":"PropertyValueSpecification","valueRequired":true,"valueName":"search_term_string"}}],"inLanguage":"tr"},{"@type":"Organization","@id":"https:\/\/www.plyflex.pl\/#organization","name":"PlyFleX","url":"https:\/\/www.plyflex.pl\/","logo":{"@type":"ImageObject","inLanguage":"tr","@id":"https:\/\/www.plyflex.pl\/#\/schema\/logo\/image\/","url":"https:\/\/www.plyflex.pl\/wp-content\/uploads\/2025\/07\/logo400x246-2.png","contentUrl":"https:\/\/www.plyflex.pl\/wp-content\/uploads\/2025\/07\/logo400x246-2.png","width":400,"height":246,"caption":"PlyFleX"},"image":{"@id":"https:\/\/www.plyflex.pl\/#\/schema\/logo\/image\/"}}]}},"_links":{"self":[{"href":"https:\/\/www.plyflex.pl\/tr\/wp-json\/wp\/v2\/pages\/2857","targetHints":{"allow":["GET"]}}],"collection":[{"href":"https:\/\/www.plyflex.pl\/tr\/wp-json\/wp\/v2\/pages"}],"about":[{"href":"https:\/\/www.plyflex.pl\/tr\/wp-json\/wp\/v2\/types\/page"}],"author":[{"embeddable":true,"href":"https:\/\/www.plyflex.pl\/tr\/wp-json\/wp\/v2\/users\/7"}],"replies":[{"embeddable":true,"href":"https:\/\/www.plyflex.pl\/tr\/wp-json\/wp\/v2\/comments?post=2857"}],"version-history":[{"count":10,"href":"https:\/\/www.plyflex.pl\/tr\/wp-json\/wp\/v2\/pages\/2857\/revisions"}],"predecessor-version":[{"id":3034,"href":"https:\/\/www.plyflex.pl\/tr\/wp-json\/wp\/v2\/pages\/2857\/revisions\/3034"}],"wp:attachment":[{"href":"https:\/\/www.plyflex.pl\/tr\/wp-json\/wp\/v2\/media?parent=2857"}],"curies":[{"name":"wp","href":"https:\/\/api.w.org\/{rel}","templated":true}]}}