{"id":737,"date":"2021-03-03T08:42:27","date_gmt":"2021-03-03T08:42:27","guid":{"rendered":"https:\/\/themetechmount.com\/wordpress\/fablio\/?page_id=737"},"modified":"2025-07-13T19:36:45","modified_gmt":"2025-07-13T16:36:45","slug":"our-story","status":"publish","type":"page","link":"https:\/\/www.plyflex.pl\/pl\/our-story\/","title":{"rendered":"Nasza historia"},"content":{"rendered":"<div class=\"wpb-content-wrapper\">\n\n\n\n<div class=\"tm-row wpb_row vc_row-fluid vc_custom_1615809786973 tm-responsive-custom-16987661 vc_column-gap-default tm-zindex-0 vc_row container tm-bgimage-position-center_center\">\n\n\t\t\n\t <div class=\"vc_column-gap-default\"> \t\n\t\t\n\n<div class=\"wpb_column tm-column vc_column_container vc_col-sm-12 tm-zindex-0\">\n\t<div class=\"vc_column-inner\">\n\t\t\t\t<div class=\"wpb_wrapper\">\n\t\t\t\n\t<div class=\"wpb_text_column wpb_content_element\" >\n\t\t<div class=\"wpb_wrapper\">\n\t\t\t<section>\n<h1>Stw\u00f3rz w\u0142asn\u0105 histori\u0119 dzi\u0119ki sklejce kompozytowej<\/h1>\n<p>\u015acigamy si\u0119 z czasem, czasami w korkach, czasami w pracy, czasami podczas produkcji, a czasami podczas my\u015blenia. W tym zabieganym tempie zawsze szukamy praktycznych rozwi\u0105za\u0144, kt\u00f3re u\u0142atwi\u0105 nam \u017cycie. W\u0142a\u015bnie w tym miejscu do gry wkracza sklejka kompozytowa.<\/p>\n<h2>Dotykaj\u0105c ka\u017cdej chwili \u017cycia<\/h2>\n<p>Ka\u017cda chwila niesie ze sob\u0105 nowe wyzwania, a nasze materia\u0142y s\u0105 po to, by wspiera\u0107 Ci\u0119 w ich realizacji.<\/p>\n<h3>Materia\u0142y, kt\u00f3re dostosowuj\u0105 si\u0119 do Twojego stylu \u017cycia<\/h3>\n<p>Dzi\u0119ki innowacyjnym materia\u0142om, kt\u00f3re produkujemy w Plyflex, dotykamy ka\u017cdej chwili Twojego \u017cycia. Sklejka kompozytowa wyr\u00f3\u017cnia si\u0119 wysok\u0105 trwa\u0142o\u015bci\u0105 i szerokim zakresem zastosowa\u0144. Jest bezpiecznie preferowana w niezliczonych projektach, od bran\u017cy budowlanej po produkcj\u0119 mebli, a tak\u017ce w zastosowaniach dekoracyjnych i przemys\u0142owych.<\/p>\n<h2>Innowacje dzi\u0119ki technologii kompozyt\u00f3w na bazie boru<\/h2>\n<p>U podstaw naszych post\u0119p\u00f3w le\u017cy najnowocze\u015bniejsza technologia kompozytowa oparta na sile minera\u0142\u00f3w boru.<\/p>\n<h3>Ognioodporne, bezzapachowe i odporne na gnicie panele<\/h3>\n<p>To, co sprawia, \u017ce Plyflex jest naprawd\u0119 wyj\u0105tkowy, to wykorzystanie minera\u0142\u00f3w na bazie boru w naszych panelach kompozytowych. Dzi\u0119ki tej zaawansowanej formule nasze panele s\u0105 nie tylko wodoodporne, ale tak\u017ce ognioodporne, bezwonne i odporne na gnicie. Cechy te sprawiaj\u0105, \u017ce s\u0105 one preferowanym wyborem dla projekt\u00f3w wymagaj\u0105cych najwy\u017cszych standard\u00f3w bezpiecze\u0144stwa i wydajno\u015bci.<\/p>\n<h2>Trwa\u0142o\u015b\u0107 i wszechstronno\u015b\u0107 dla ka\u017cdego projektu<\/h2>\n<p>Niezale\u017cnie od projektu, potrzebujesz materia\u0142\u00f3w, kt\u00f3re s\u0105 trwa\u0142e i elastyczne - aby Twoja wizja przetrwa\u0142a pr\u00f3b\u0119 czasu.<\/p>\n<h3>Od budowy do projektowania wn\u0119trz<\/h3>\n<p>Sklejka kompozytowa Plyflex oferuje d\u0142ugotrwa\u0142e rozwi\u0105zania, szczeg\u00f3lnie w projektach zewn\u0119trznych i w \u015brodowiskach wilgotnych. W budownictwie mo\u017cna na niej polega\u0107 przy tworzeniu solidnych i niezawodnych szalunk\u00f3w.<\/p>\n<h3>Meble i zastosowania dekoracyjne<\/h3>\n<p>W meblarstwie sprawdza si\u0119 nawet w wymagaj\u0105cych obszarach, takich jak \u0142azienki i kuchnie. Dekoracyjne panele \u015bcienne wykonane z naszego specjalnego kompozytu dodaj\u0105 estetycznego charakteru przestrzeniom dzi\u0119ki swojej wyj\u0105tkowej elastyczno\u015bci i odporno\u015bci.<\/p>\n<h3>Ci\u0119\u017ckie zastosowania przemys\u0142owe<\/h3>\n<p>Od pod\u0142\u00f3g ci\u0119\u017car\u00f3wek po r\u00f3\u017cne zastosowania przemys\u0142owe, panele Plyflex zapewniaj\u0105 szerokie spektrum mo\u017cliwo\u015bci i niezawodno\u015bci.<\/p>\n<h2>Zr\u00f3b r\u00f3\u017cnic\u0119 w swojej historii<\/h2>\n<p>Ka\u017cdy projekt opowiada histori\u0119, a dzi\u0119ki Plyflex Tw\u00f3j mo\u017ce wyr\u00f3\u017cnia\u0107 si\u0119 jako\u015bci\u0105 i innowacyjno\u015bci\u0105.<\/p>\n<h3>Przekszta\u0142canie projekt\u00f3w, inspirowanie innowacji<\/h3>\n<p>Unikalne w\u0142a\u015bciwo\u015bci sklejki kompozytowej Plyflex sprawiaj\u0105, \u017ce jest ona niezast\u0105piona we wszystkich dziedzinach \u017cycia. Nadszed\u0142 czas, aby odkry\u0107 ten materia\u0142, kt\u00f3ry zmieni Twoje projekty dzi\u0119ki swojej trwa\u0142o\u015bci, estetyce i wszechstronno\u015bci. Wybierz Plyflex, stw\u00f3rz w\u0142asn\u0105 histori\u0119 i poczuj r\u00f3\u017cnic\u0119!<\/p>\n<\/section>\n\n\t\t<\/div>\n\t<\/div>\n\t\t<\/div>\n\t<\/div>\n<\/div>\n\n\n\n\t\t\n\t <\/div> <\/div>\n\n\n\n\n\n\n\n\n<\/div>","protected":false},"excerpt":{"rendered":"Create Your Own Story with Composite Plywood We are racing against time, sometimes in traffic, sometimes at work, sometimes while producing, and sometimes while thinking. In this busy pace, we are always searching for practical solutions that make our lives easier. This is exactly where Composite Plywood comes into play. Touching Every Moment of Life &hellip; <a href=\"https:\/\/www.plyflex.pl\/pl\/our-story\/\" class=\"more-link\">Continue reading <span class=\"screen-reader-text\">Nasza historia<\/span><\/a>","protected":false},"author":1,"featured_media":0,"parent":0,"menu_order":0,"comment_status":"closed","ping_status":"closed","template":"","meta":{"footnotes":""},"class_list":["post-737","page","type-page","status-publish","hentry"],"yoast_head":"<!-- This site is optimized with the Yoast SEO Premium plugin v25.1 (Yoast SEO v25.5) - https:\/\/yoast.com\/wordpress\/plugins\/seo\/ -->\n<title>Our Story - PlyFleX<\/title>\n<meta name=\"robots\" content=\"index, follow, max-snippet:-1, max-image-preview:large, max-video-preview:-1\" \/>\n<link rel=\"canonical\" href=\"https:\/\/www.plyflex.pl\/pl\/our-story\/\" \/>\n<meta property=\"og:locale\" content=\"pl_PL\" \/>\n<meta property=\"og:type\" content=\"article\" \/>\n<meta property=\"og:title\" content=\"Our Story\" \/>\n<meta property=\"og:url\" content=\"https:\/\/www.plyflex.pl\/pl\/our-story\/\" \/>\n<meta property=\"og:site_name\" content=\"PlyFleX\" \/>\n<meta property=\"article:modified_time\" content=\"2025-07-13T16:36:45+00:00\" \/>\n<meta name=\"twitter:card\" content=\"summary_large_image\" \/>\n<meta name=\"twitter:label1\" content=\"Szacowany czas czytania\" \/>\n\t<meta name=\"twitter:data1\" content=\"2 minuty\" \/>\n<script type=\"application\/ld+json\" class=\"yoast-schema-graph\">{\"@context\":\"https:\/\/schema.org\",\"@graph\":[{\"@type\":\"WebPage\",\"@id\":\"https:\/\/www.plyflex.pl\/our-story\/\",\"url\":\"https:\/\/www.plyflex.pl\/our-story\/\",\"name\":\"Our Story - PlyFleX\",\"isPartOf\":{\"@id\":\"https:\/\/www.plyflex.pl\/#website\"},\"datePublished\":\"2021-03-03T08:42:27+00:00\",\"dateModified\":\"2025-07-13T16:36:45+00:00\",\"breadcrumb\":{\"@id\":\"https:\/\/www.plyflex.pl\/our-story\/#breadcrumb\"},\"inLanguage\":\"pl-PL\",\"potentialAction\":[{\"@type\":\"ReadAction\",\"target\":[\"https:\/\/www.plyflex.pl\/our-story\/\"]}]},{\"@type\":\"BreadcrumbList\",\"@id\":\"https:\/\/www.plyflex.pl\/our-story\/#breadcrumb\",\"itemListElement\":[{\"@type\":\"ListItem\",\"position\":1,\"name\":\"Home\",\"item\":\"https:\/\/www.plyflex.pl\/\"},{\"@type\":\"ListItem\",\"position\":2,\"name\":\"Our Story\"}]},{\"@type\":\"WebSite\",\"@id\":\"https:\/\/www.plyflex.pl\/#website\",\"url\":\"https:\/\/www.plyflex.pl\/\",\"name\":\"PlyFleX\",\"description\":\"Composite Plywood\",\"publisher\":{\"@id\":\"https:\/\/www.plyflex.pl\/#organization\"},\"potentialAction\":[{\"@type\":\"SearchAction\",\"target\":{\"@type\":\"EntryPoint\",\"urlTemplate\":\"https:\/\/www.plyflex.pl\/?s={search_term_string}\"},\"query-input\":{\"@type\":\"PropertyValueSpecification\",\"valueRequired\":true,\"valueName\":\"search_term_string\"}}],\"inLanguage\":\"pl-PL\"},{\"@type\":\"Organization\",\"@id\":\"https:\/\/www.plyflex.pl\/#organization\",\"name\":\"PlyFleX\",\"url\":\"https:\/\/www.plyflex.pl\/\",\"logo\":{\"@type\":\"ImageObject\",\"inLanguage\":\"pl-PL\",\"@id\":\"https:\/\/www.plyflex.pl\/#\/schema\/logo\/image\/\",\"url\":\"https:\/\/www.plyflex.pl\/wp-content\/uploads\/2025\/07\/logo400x246-2.png\",\"contentUrl\":\"https:\/\/www.plyflex.pl\/wp-content\/uploads\/2025\/07\/logo400x246-2.png\",\"width\":400,\"height\":246,\"caption\":\"PlyFleX\"},\"image\":{\"@id\":\"https:\/\/www.plyflex.pl\/#\/schema\/logo\/image\/\"}}]}<\/script>\n<!-- \/ Yoast SEO Premium plugin. -->","yoast_head_json":{"title":"Our Story - PlyFleX","robots":{"index":"index","follow":"follow","max-snippet":"max-snippet:-1","max-image-preview":"max-image-preview:large","max-video-preview":"max-video-preview:-1"},"canonical":"https:\/\/www.plyflex.pl\/pl\/our-story\/","og_locale":"pl_PL","og_type":"article","og_title":"Our Story","og_url":"https:\/\/www.plyflex.pl\/pl\/our-story\/","og_site_name":"PlyFleX","article_modified_time":"2025-07-13T16:36:45+00:00","twitter_card":"summary_large_image","twitter_misc":{"Szacowany czas czytania":"2 minuty"},"schema":{"@context":"https:\/\/schema.org","@graph":[{"@type":"WebPage","@id":"https:\/\/www.plyflex.pl\/our-story\/","url":"https:\/\/www.plyflex.pl\/our-story\/","name":"Our Story - PlyFleX","isPartOf":{"@id":"https:\/\/www.plyflex.pl\/#website"},"datePublished":"2021-03-03T08:42:27+00:00","dateModified":"2025-07-13T16:36:45+00:00","breadcrumb":{"@id":"https:\/\/www.plyflex.pl\/our-story\/#breadcrumb"},"inLanguage":"pl-PL","potentialAction":[{"@type":"ReadAction","target":["https:\/\/www.plyflex.pl\/our-story\/"]}]},{"@type":"BreadcrumbList","@id":"https:\/\/www.plyflex.pl\/our-story\/#breadcrumb","itemListElement":[{"@type":"ListItem","position":1,"name":"Home","item":"https:\/\/www.plyflex.pl\/"},{"@type":"ListItem","position":2,"name":"Our Story"}]},{"@type":"WebSite","@id":"https:\/\/www.plyflex.pl\/#website","url":"https:\/\/www.plyflex.pl\/","name":"PlyFleX","description":"Composite Plywood","publisher":{"@id":"https:\/\/www.plyflex.pl\/#organization"},"potentialAction":[{"@type":"SearchAction","target":{"@type":"EntryPoint","urlTemplate":"https:\/\/www.plyflex.pl\/?s={search_term_string}"},"query-input":{"@type":"PropertyValueSpecification","valueRequired":true,"valueName":"search_term_string"}}],"inLanguage":"pl-PL"},{"@type":"Organization","@id":"https:\/\/www.plyflex.pl\/#organization","name":"PlyFleX","url":"https:\/\/www.plyflex.pl\/","logo":{"@type":"ImageObject","inLanguage":"pl-PL","@id":"https:\/\/www.plyflex.pl\/#\/schema\/logo\/image\/","url":"https:\/\/www.plyflex.pl\/wp-content\/uploads\/2025\/07\/logo400x246-2.png","contentUrl":"https:\/\/www.plyflex.pl\/wp-content\/uploads\/2025\/07\/logo400x246-2.png","width":400,"height":246,"caption":"PlyFleX"},"image":{"@id":"https:\/\/www.plyflex.pl\/#\/schema\/logo\/image\/"}}]}},"_links":{"self":[{"href":"https:\/\/www.plyflex.pl\/pl\/wp-json\/wp\/v2\/pages\/737","targetHints":{"allow":["GET"]}}],"collection":[{"href":"https:\/\/www.plyflex.pl\/pl\/wp-json\/wp\/v2\/pages"}],"about":[{"href":"https:\/\/www.plyflex.pl\/pl\/wp-json\/wp\/v2\/types\/page"}],"author":[{"embeddable":true,"href":"https:\/\/www.plyflex.pl\/pl\/wp-json\/wp\/v2\/users\/1"}],"replies":[{"embeddable":true,"href":"https:\/\/www.plyflex.pl\/pl\/wp-json\/wp\/v2\/comments?post=737"}],"version-history":[{"count":3,"href":"https:\/\/www.plyflex.pl\/pl\/wp-json\/wp\/v2\/pages\/737\/revisions"}],"predecessor-version":[{"id":2816,"href":"https:\/\/www.plyflex.pl\/pl\/wp-json\/wp\/v2\/pages\/737\/revisions\/2816"}],"wp:attachment":[{"href":"https:\/\/www.plyflex.pl\/pl\/wp-json\/wp\/v2\/media?parent=737"}],"curies":[{"name":"wp","href":"https:\/\/api.w.org\/{rel}","templated":true}]}}