{"id":2857,"date":"2025-07-13T21:51:18","date_gmt":"2025-07-13T18:51:18","guid":{"rendered":"https:\/\/www.plyflex.pl\/?page_id=2857"},"modified":"2025-07-15T02:58:56","modified_gmt":"2025-07-14T23:58:56","slug":"projects","status":"publish","type":"page","link":"https:\/\/www.plyflex.pl\/pl\/projects\/","title":{"rendered":"Projekty"},"content":{"rendered":"<div class=\"wpb-content-wrapper\"><div class=\"tm-row wpb_row vc_row-fluid vc_column-gap-default tm-zindex-0 vc_row container tm-bgimage-position-center_center\">\n\n\t\t\n\t <div class=\"vc_column-gap-default\"> \t\n\t\t\n\n<div class=\"wpb_column tm-column vc_column_container vc_col-sm-12 tm-zindex-0\">\n\t<div class=\"vc_column-inner\">\n\t\t\t\t<div class=\"wpb_wrapper\">\n\t\t\t\n\t<div class=\"wpb_text_column wpb_content_element\" >\n\t\t<div class=\"wpb_wrapper\">\n\t\t\t<h1>Zastosowania w budownictwie i projektach przyczep kempingowych<\/h1>\n<p>Sklejka kompozytowa wyr\u00f3\u017cnia si\u0119 jako preferowane rozwi\u0105zanie zar\u00f3wno dla nowoczesnych plac\u00f3w budowy, jak i niestandardowych projekt\u00f3w przyczep kempingowych. Dzi\u0119ki swoim zaawansowanym w\u0142a\u015bciwo\u015bciom p\u0142ynnie dostosowuje si\u0119 do unikalnych potrzeb zar\u00f3wno profesjonalnych budowniczych, jak i entuzjast\u00f3w mobilnego \u017cycia.<\/p>\n<h2>Wyj\u0105tkowa wszechstronno\u015b\u0107 dla innowacyjnych projekt\u00f3w<\/h2>\n<p>Niezale\u017cnie od tego, czy jest u\u017cywana do \u015bcian no\u015bnych w du\u017cych budynkach, czy jako funkcjonalny element w kompaktowych przyczepach kempingowych, sklejka kompozytowa zapewnia doskona\u0142\u0105 wydajno\u015b\u0107. Jej odporno\u015b\u0107 na wilgo\u0107, uderzenia i odkszta\u0142cenia, wraz z ekologicznymi w\u0142a\u015bciwo\u015bciami, czyni j\u0105 idealn\u0105 do szerokiego zakresu wymagaj\u0105cych \u015brodowisk.<\/p>\n<h3>Projekty budowlane<\/h3>\n<p>W budownictwie sklejka kompozytowa jest wykorzystywana do szalunk\u00f3w konstrukcyjnych, ok\u0142adzin \u015bciennych, paneli izolacyjnych i modu\u0142owych element\u00f3w budowlanych. Jej wytrzyma\u0142o\u015b\u0107 i precyzyjne wymiary zapewniaj\u0105 bezpieczny monta\u017c, zmniejszaj\u0105 ilo\u015b\u0107 odpad\u00f3w i pomagaj\u0105 przyspieszy\u0107 realizacj\u0119 projekt\u00f3w. Dzi\u0119ki naturalnemu sk\u0142adowi borowo-mineralnemu i mo\u017cliwo\u015bci recyklingu przyczynia si\u0119 do zdrowszych i bardziej zr\u00f3wnowa\u017conych plac\u00f3w budowy.<\/p>\n<h3>Projekty przyczep kempingowych<\/h3>\n<p>Sklejka kompozytowa jest coraz bardziej popularna w bran\u017cy przyczep kempingowych ze wzgl\u0119du na swoj\u0105 lekko\u015b\u0107, wysok\u0105 trwa\u0142o\u015b\u0107 i odporno\u015b\u0107 na gnicie lub ple\u015b\u0144. Jest ona wykorzystywana do produkcji pod\u0142\u00f3g, paneli wewn\u0119trznych, szafek i mebli w przyczepach kempingowych, oferuj\u0105c zar\u00f3wno integralno\u015b\u0107 strukturaln\u0105, jak i nowoczesn\u0105 estetyk\u0119. Jego nietoksyczny, nadaj\u0105cy si\u0119 do recyklingu materia\u0142 poprawia jako\u015b\u0107 powietrza w pomieszczeniach i wspiera ekologiczny, mobilny styl \u017cycia.<\/p>\n\n\t\t<\/div>\n\t<\/div>\n\t\t<\/div>\n\t<\/div>\n<\/div>\n\n\n\n\t\t\n\t <\/div> <\/div>\n\n\n\n\n\n\n\n\n\n\n\n<div class=\"tm-row wpb_row vc_row-fluid vc_column-gap-default tm-zindex-0 vc_row container tm-bgimage-position-center_center\">\n\n\t\t\n\t <div class=\"vc_column-gap-default\"> \t\n\t\t\n\n<div class=\"wpb_column tm-column vc_column_container vc_col-sm-12 tm-zindex-0\">\n\t<div class=\"vc_column-inner\">\n\t\t\t\t<div class=\"wpb_wrapper\">\n\t\t\t\n\t<div class=\"wpb_text_column wpb_content_element\" >\n\t\t<div class=\"wpb_wrapper\">\n\t\t\t<h2>Zaufany przez wiod\u0105ce firmy<\/h2>\n<p>Nasze rozwi\u0105zania ze sklejki kompozytowej zosta\u0142y z powodzeniem wdro\u017cone w wielu g\u0142o\u015bnych projektach budowlanych i projektach przyczep kempingowych przez wiod\u0105ce w bran\u017cy firmy. Jeste\u015bmy dumni ze wsp\u00f3\u0142pracy z innowacyjnymi firmami, kt\u00f3re ceni\u0105 sobie jako\u015b\u0107, zr\u00f3wnowa\u017cony rozw\u00f3j i d\u0142ugoterminow\u0105 wydajno\u015b\u0107. Nast\u0119puj\u0105cy partnerzy wybrali nasze produkty do swoich najbardziej wymagaj\u0105cych zastosowa\u0144, co odzwierciedla ich zaufanie do naszego zaanga\u017cowania w doskona\u0142o\u015b\u0107 i niezawodn\u0105 obs\u0142ug\u0119.<\/p>\n\n\t\t<\/div>\n\t<\/div>\n\t\t<\/div>\n\t<\/div>\n<\/div>\n\n\n\n\t\t\n\t <\/div> <\/div>\n<\/div>","protected":false},"excerpt":{"rendered":"Applications in Construction and Caravan Projects Composite plywood stands out as the preferred solution for both modern construction sites and custom caravan designs. With its advanced properties, it seamlessly adapts to the unique needs of professional builders and mobile living enthusiasts alike. Exceptional Versatility for Innovative Projects Whether used for load-bearing walls in large buildings &hellip; <a href=\"https:\/\/www.plyflex.pl\/pl\/projects\/\" class=\"more-link\">Continue reading <span class=\"screen-reader-text\">Projekty<\/span><\/a>","protected":false},"author":7,"featured_media":0,"parent":0,"menu_order":0,"comment_status":"closed","ping_status":"closed","template":"","meta":{"footnotes":""},"class_list":["post-2857","page","type-page","status-publish","hentry"],"yoast_head":"<!-- This site is optimized with the Yoast SEO Premium plugin v25.1 (Yoast SEO v25.5) - https:\/\/yoast.com\/wordpress\/plugins\/seo\/ -->\n<title>Projects - PlyFleX<\/title>\n<meta name=\"robots\" content=\"index, follow, max-snippet:-1, max-image-preview:large, max-video-preview:-1\" \/>\n<link rel=\"canonical\" href=\"https:\/\/www.plyflex.pl\/pl\/projects\/\" \/>\n<meta property=\"og:locale\" content=\"pl_PL\" \/>\n<meta property=\"og:type\" content=\"article\" \/>\n<meta property=\"og:title\" content=\"Projects\" \/>\n<meta property=\"og:url\" content=\"https:\/\/www.plyflex.pl\/pl\/projects\/\" \/>\n<meta property=\"og:site_name\" content=\"PlyFleX\" \/>\n<meta property=\"article:modified_time\" content=\"2025-07-14T23:58:56+00:00\" \/>\n<meta name=\"twitter:card\" content=\"summary_large_image\" \/>\n<meta name=\"twitter:label1\" content=\"Szacowany czas czytania\" \/>\n\t<meta name=\"twitter:data1\" content=\"1 minuta\" \/>\n<script type=\"application\/ld+json\" class=\"yoast-schema-graph\">{\"@context\":\"https:\/\/schema.org\",\"@graph\":[{\"@type\":\"WebPage\",\"@id\":\"https:\/\/www.plyflex.pl\/projects\/\",\"url\":\"https:\/\/www.plyflex.pl\/projects\/\",\"name\":\"Projects - PlyFleX\",\"isPartOf\":{\"@id\":\"https:\/\/www.plyflex.pl\/#website\"},\"datePublished\":\"2025-07-13T18:51:18+00:00\",\"dateModified\":\"2025-07-14T23:58:56+00:00\",\"breadcrumb\":{\"@id\":\"https:\/\/www.plyflex.pl\/projects\/#breadcrumb\"},\"inLanguage\":\"pl-PL\",\"potentialAction\":[{\"@type\":\"ReadAction\",\"target\":[\"https:\/\/www.plyflex.pl\/projects\/\"]}]},{\"@type\":\"BreadcrumbList\",\"@id\":\"https:\/\/www.plyflex.pl\/projects\/#breadcrumb\",\"itemListElement\":[{\"@type\":\"ListItem\",\"position\":1,\"name\":\"Home\",\"item\":\"https:\/\/www.plyflex.pl\/\"},{\"@type\":\"ListItem\",\"position\":2,\"name\":\"Projects\"}]},{\"@type\":\"WebSite\",\"@id\":\"https:\/\/www.plyflex.pl\/#website\",\"url\":\"https:\/\/www.plyflex.pl\/\",\"name\":\"PlyFleX\",\"description\":\"Composite Plywood\",\"publisher\":{\"@id\":\"https:\/\/www.plyflex.pl\/#organization\"},\"potentialAction\":[{\"@type\":\"SearchAction\",\"target\":{\"@type\":\"EntryPoint\",\"urlTemplate\":\"https:\/\/www.plyflex.pl\/?s={search_term_string}\"},\"query-input\":{\"@type\":\"PropertyValueSpecification\",\"valueRequired\":true,\"valueName\":\"search_term_string\"}}],\"inLanguage\":\"pl-PL\"},{\"@type\":\"Organization\",\"@id\":\"https:\/\/www.plyflex.pl\/#organization\",\"name\":\"PlyFleX\",\"url\":\"https:\/\/www.plyflex.pl\/\",\"logo\":{\"@type\":\"ImageObject\",\"inLanguage\":\"pl-PL\",\"@id\":\"https:\/\/www.plyflex.pl\/#\/schema\/logo\/image\/\",\"url\":\"https:\/\/www.plyflex.pl\/wp-content\/uploads\/2025\/07\/logo400x246-2.png\",\"contentUrl\":\"https:\/\/www.plyflex.pl\/wp-content\/uploads\/2025\/07\/logo400x246-2.png\",\"width\":400,\"height\":246,\"caption\":\"PlyFleX\"},\"image\":{\"@id\":\"https:\/\/www.plyflex.pl\/#\/schema\/logo\/image\/\"}}]}<\/script>\n<!-- \/ Yoast SEO Premium plugin. -->","yoast_head_json":{"title":"Projects - PlyFleX","robots":{"index":"index","follow":"follow","max-snippet":"max-snippet:-1","max-image-preview":"max-image-preview:large","max-video-preview":"max-video-preview:-1"},"canonical":"https:\/\/www.plyflex.pl\/pl\/projects\/","og_locale":"pl_PL","og_type":"article","og_title":"Projects","og_url":"https:\/\/www.plyflex.pl\/pl\/projects\/","og_site_name":"PlyFleX","article_modified_time":"2025-07-14T23:58:56+00:00","twitter_card":"summary_large_image","twitter_misc":{"Szacowany czas czytania":"1 minuta"},"schema":{"@context":"https:\/\/schema.org","@graph":[{"@type":"WebPage","@id":"https:\/\/www.plyflex.pl\/projects\/","url":"https:\/\/www.plyflex.pl\/projects\/","name":"Projects - PlyFleX","isPartOf":{"@id":"https:\/\/www.plyflex.pl\/#website"},"datePublished":"2025-07-13T18:51:18+00:00","dateModified":"2025-07-14T23:58:56+00:00","breadcrumb":{"@id":"https:\/\/www.plyflex.pl\/projects\/#breadcrumb"},"inLanguage":"pl-PL","potentialAction":[{"@type":"ReadAction","target":["https:\/\/www.plyflex.pl\/projects\/"]}]},{"@type":"BreadcrumbList","@id":"https:\/\/www.plyflex.pl\/projects\/#breadcrumb","itemListElement":[{"@type":"ListItem","position":1,"name":"Home","item":"https:\/\/www.plyflex.pl\/"},{"@type":"ListItem","position":2,"name":"Projects"}]},{"@type":"WebSite","@id":"https:\/\/www.plyflex.pl\/#website","url":"https:\/\/www.plyflex.pl\/","name":"PlyFleX","description":"Composite Plywood","publisher":{"@id":"https:\/\/www.plyflex.pl\/#organization"},"potentialAction":[{"@type":"SearchAction","target":{"@type":"EntryPoint","urlTemplate":"https:\/\/www.plyflex.pl\/?s={search_term_string}"},"query-input":{"@type":"PropertyValueSpecification","valueRequired":true,"valueName":"search_term_string"}}],"inLanguage":"pl-PL"},{"@type":"Organization","@id":"https:\/\/www.plyflex.pl\/#organization","name":"PlyFleX","url":"https:\/\/www.plyflex.pl\/","logo":{"@type":"ImageObject","inLanguage":"pl-PL","@id":"https:\/\/www.plyflex.pl\/#\/schema\/logo\/image\/","url":"https:\/\/www.plyflex.pl\/wp-content\/uploads\/2025\/07\/logo400x246-2.png","contentUrl":"https:\/\/www.plyflex.pl\/wp-content\/uploads\/2025\/07\/logo400x246-2.png","width":400,"height":246,"caption":"PlyFleX"},"image":{"@id":"https:\/\/www.plyflex.pl\/#\/schema\/logo\/image\/"}}]}},"_links":{"self":[{"href":"https:\/\/www.plyflex.pl\/pl\/wp-json\/wp\/v2\/pages\/2857","targetHints":{"allow":["GET"]}}],"collection":[{"href":"https:\/\/www.plyflex.pl\/pl\/wp-json\/wp\/v2\/pages"}],"about":[{"href":"https:\/\/www.plyflex.pl\/pl\/wp-json\/wp\/v2\/types\/page"}],"author":[{"embeddable":true,"href":"https:\/\/www.plyflex.pl\/pl\/wp-json\/wp\/v2\/users\/7"}],"replies":[{"embeddable":true,"href":"https:\/\/www.plyflex.pl\/pl\/wp-json\/wp\/v2\/comments?post=2857"}],"version-history":[{"count":10,"href":"https:\/\/www.plyflex.pl\/pl\/wp-json\/wp\/v2\/pages\/2857\/revisions"}],"predecessor-version":[{"id":3034,"href":"https:\/\/www.plyflex.pl\/pl\/wp-json\/wp\/v2\/pages\/2857\/revisions\/3034"}],"wp:attachment":[{"href":"https:\/\/www.plyflex.pl\/pl\/wp-json\/wp\/v2\/media?parent=2857"}],"curies":[{"name":"wp","href":"https:\/\/api.w.org\/{rel}","templated":true}]}}