{"id":2824,"date":"2025-07-13T20:00:29","date_gmt":"2025-07-13T17:00:29","guid":{"rendered":"https:\/\/www.plyflex.pl\/?page_id=2824"},"modified":"2025-07-20T19:33:57","modified_gmt":"2025-07-20T16:33:57","slug":"what-is-composite-plywood-and-why-is-it-preferred","status":"publish","type":"page","link":"https:\/\/www.plyflex.pl\/pl\/what-is-composite-plywood-and-why-is-it-preferred\/","title":{"rendered":"Czym jest sklejka kompozytowa i dlaczego jest preferowana?"},"content":{"rendered":"<div class=\"wpb-content-wrapper\">\n\n\n\n<div class=\"tm-row wpb_row vc_row-fluid vc_column-gap-default tm-zindex-0 vc_row container tm-bgimage-position-center_center\">\n\n\t\t\n\t <div class=\"vc_column-gap-default\"> \t\n\t\t\n\n<div class=\"wpb_column tm-column vc_column_container vc_col-sm-12 tm-zindex-0\">\n\t<div class=\"vc_column-inner\">\n\t\t\t\t<div class=\"wpb_wrapper\">\n\t\t\t\n\t<div class=\"wpb_text_column wpb_content_element\" >\n\t\t<div class=\"wpb_wrapper\">\n\t\t\t<section>\n<h1>Czym jest sklejka kompozytowa i dlaczego jest preferowana?<\/h1>\n<p>Sklejka kompozytowa to materia\u0142 budowlany nowej generacji, kt\u00f3ry oferuje innowacyjne rozwi\u0105zania dla nowoczesnego przemys\u0142u budowlanego i projektowego. Dzi\u0119ki wyj\u0105tkowej trwa\u0142o\u015bci, lekkiej strukturze i atrakcyjnej estetyce przewy\u017csza tradycyjn\u0105 sklejk\u0119, \u0142\u0105cz\u0105c zaawansowane materia\u0142y w jednorodny, wysokowydajny produkt. Jego doskona\u0142e w\u0142a\u015bciwo\u015bci mechaniczne sprawiaj\u0105, \u017ce jest to preferowany wyb\u00f3r dla profesjonalist\u00f3w z r\u00f3\u017cnych sektor\u00f3w.<\/p>\n<h2>Kluczowe cechy i zalety sklejki kompozytowej<\/h2>\n<p>Sklejka kompozytowa zapewnia liczne korzy\u015bci, od trwa\u0142o\u015bci i \u0142atwo\u015bci obs\u0142ugi po wyj\u0105tkow\u0105 izolacj\u0119 i higieniczne powierzchnie. Dzi\u0119ki zaawansowanym technikom produkcji i innowacyjnym mieszankom materia\u0142\u00f3w, takim jak p\u0142yta piankowa PVC, produkt ten wyr\u00f3\u017cnia si\u0119 jako wszechstronna i funkcjonalna alternatywa w ka\u017cdym projekcie.<\/p>\n<\/section>\n\n\t\t<\/div>\n\t<\/div>\n\n\t<div class=\"wpb_text_column wpb_content_element\" >\n\t\t<div class=\"wpb_wrapper\">\n\t\t\t<section>\n<h3>1. Wytrzyma\u0142y i lekki materia\u0142<\/h3>\n<p>Pomimo wysokiej wytrzyma\u0142o\u015bci, sklejka kompozytowa jest niezwykle lekka. To po\u0142\u0105czenie u\u0142atwia transport i monta\u017c, skracaj\u0105c czas pracy i zmniejszaj\u0105c koszty - szczeg\u00f3lnie w przypadku du\u017cych projekt\u00f3w budowlanych.<\/p>\n<h3>2. Doskona\u0142a izolacja termiczna i akustyczna<\/h3>\n<p>Sklejka kompozytowa wyr\u00f3\u017cnia si\u0119 zar\u00f3wno izolacj\u0105 termiczn\u0105, jak i akustyczn\u0105, tworz\u0105c komfortowe przestrzenie mieszkalne i robocze przy jednoczesnej optymalizacji efektywno\u015bci energetycznej. Jej zastosowanie w panelach izolacyjnych jest wysoko cenione zar\u00f3wno w projektach mieszkaniowych, jak i komercyjnych.<\/p>\n<\/section>\n\n\t\t<\/div>\n\t<\/div>\n\n\t<div class=\"wpb_text_column wpb_content_element\" >\n\t\t<div class=\"wpb_wrapper\">\n\t\t\t<section>\n<h3>3. Higieniczne, antybakteryjne powierzchnie<\/h3>\n<p>Dzi\u0119ki antybakteryjnym i \u0142atwym do czyszczenia powierzchniom, sklejka kompozytowa jest idealna do \u015brodowisk o surowych wymaganiach higienicznych. Jest szeroko stosowana w szpitalach, szko\u0142ach, zak\u0142adach produkcji \u017cywno\u015bci i miejscach publicznych, gdzie zdrowie i bezpiecze\u0144stwo s\u0105 najwa\u017cniejsze.<\/p>\n<h3>4. Odporna na promieniowanie UV ochrona zewn\u0119trzna<\/h3>\n<p>Odporna na promieniowanie UV pow\u0142oka powierzchni sklejki kompozytowej zapewnia d\u0142ugotrwa\u0142y kolor i integralno\u015b\u0107 strukturaln\u0105, dzi\u0119ki czemu idealnie nadaje si\u0119 do zastosowa\u0144 zewn\u0119trznych. Ta cecha chroni przed blakni\u0119ciem i deformacj\u0105 powierzchni, nawet w miejscach nara\u017conych na intensywne \u015bwiat\u0142o s\u0142oneczne.<\/p>\n<h3>5. \u0141atwy monta\u017c i \u0142atwo\u015b\u0107 obs\u0142ugi<\/h3>\n<p>Sklejka kompozytowa jest \u0142atwa w ci\u0119ciu, kszta\u0142towaniu i monta\u017cu. Ta elastyczno\u015b\u0107 nie tylko oszcz\u0119dza cenny czas podczas budowy, ale tak\u017ce przyczynia si\u0119 do og\u00f3lnej wydajno\u015bci projektu poprzez zmniejszenie wymaga\u0144 dotycz\u0105cych pracy.<\/p>\n<\/section>\n\n\t\t<\/div>\n\t<\/div>\n\n\t<div class=\"wpb_text_column wpb_content_element\" >\n\t\t<div class=\"wpb_wrapper\">\n\t\t\t<section>\n<h3>6. Ekonomiczne i przyjazne dla \u015brodowiska rozwi\u0105zania<\/h3>\n<p>Oferuj\u0105c zar\u00f3wno przyst\u0119pn\u0105 cen\u0119, jak i d\u0142ugowieczno\u015b\u0107, sklejka kompozytowa jest przyjazn\u0105 dla bud\u017cetu opcj\u0105 dla szerokiej gamy projekt\u00f3w. Produkowana z materia\u0142\u00f3w przyjaznych dla \u015brodowiska, wspiera zr\u00f3wnowa\u017cone praktyki budowlane i pomaga zmniejszy\u0107 wp\u0142yw nowoczesnego budownictwa na \u015brodowisko.<\/p>\n<h2>Obszary zastosowania sklejki kompozytowej<\/h2>\n<p>Wszechstronno\u015b\u0107 sklejki kompozytowej umo\u017cliwia jej wykorzystanie w wielu sektorach, od ci\u0119\u017ckich konstrukcji po projektowanie wn\u0119trz. Jej unikalne w\u0142a\u015bciwo\u015bci wnosz\u0105 warto\u015b\u0107 dodan\u0105 i wydajno\u015b\u0107 do ka\u017cdego zastosowania.<\/p>\n<h3>Sektor budowlany i konstrukcyjny<\/h3>\n<h4>Zastosowania zewn\u0119trzne i wewn\u0119trzne<\/h4>\n<p>Panele ze sklejki kompozytowej s\u0105 wykorzystywane zar\u00f3wno w ok\u0142adzinach zewn\u0119trznych, jak i w projektowaniu wn\u0119trz budynk\u00f3w. Ich odporno\u015b\u0107 na promieniowanie UV, trwa\u0142o\u015b\u0107 i w\u0142a\u015bciwo\u015bci termoizolacyjne sprawiaj\u0105, \u017ce idealnie nadaj\u0105 si\u0119 do elewacji, \u015bcian dzia\u0142owych i system\u00f3w izolacyjnych.<\/p>\n<h3>Rozwi\u0105zania w zakresie sklejki morskiej<\/h3>\n<h4>Konstrukcja odporna na wod\u0119 i wilgo\u0107<\/h4>\n<p>Sklejka kompozytowa klasy morskiej jest specjalnie zaprojektowana do u\u017cytku w statkach morskich i konstrukcjach przybrze\u017cnych. Jej odporno\u015b\u0107 na wod\u0119 i wilgo\u0107 sprawia, \u017ce idealnie nadaje si\u0119 na pok\u0142ady \u0142odzi, przystanie i nadmorskie panele dekoracyjne.<\/p>\n<h3>Meble i projektowanie wn\u0119trz<\/h3>\n<h4>Nowoczesne, dekoracyjne i funkcjonalne panele<\/h4>\n<p>Sklejka kompozytowa \u0142\u0105czy w sobie estetyk\u0119 i trwa\u0142o\u015b\u0107 w sektorze meblarskim. Jest wykorzystywana do tworzenia stylowych, nowoczesnych mebli i dekoracyjnych paneli \u015bciennych, dodaj\u0105c zar\u00f3wno elegancji, jak i funkcjonalno\u015bci przestrzeniom mieszkalnym.<\/p>\n<h3>Transport towarowy i pojazdy u\u017cytkowe<\/h3>\n<h4>Lekka wytrzyma\u0142o\u015b\u0107 dla bran\u017cy transportowej<\/h4>\n<p>Sklejka kompozytowa zapewnia doskona\u0142\u0105 r\u00f3wnowag\u0119 mi\u0119dzy wytrzyma\u0142o\u015bci\u0105 a wag\u0105 we wn\u0119trzach pojazd\u00f3w u\u017cytkowych i w zastosowaniach zwi\u0105zanych z transportem \u0142adunk\u00f3w. Zapewnia to wydajno\u015b\u0107 pojazdu przy jednoczesnej ochronie \u0142adunku podczas transportu.<\/p>\n<h3>Przemys\u0142 motoryzacyjny<\/h3>\n<h4>Innowacyjny przemys\u0142owy materia\u0142 pow\u0142okowy<\/h4>\n<p>Sektor motoryzacyjny czerpie korzy\u015bci z lekko\u015bci i wytrzyma\u0142o\u015bci sklejki kompozytowej. Jest ona stosowana zar\u00f3wno do paneli wewn\u0119trznych, jak i zewn\u0119trznych, przyczyniaj\u0105c si\u0119 do oszcz\u0119dno\u015bci paliwa i poprawy estetyki.<\/p>\n<h3>Dekoracja domu<\/h3>\n<h4>Wszechstronne panele do nowoczesnych przestrzeni mieszkalnych<\/h4>\n<p>W projektach dekoracji wn\u0119trz wykorzystuje si\u0119 panele ze sklejki kompozytowej ze wzgl\u0119du na ich \u0142atwe do czyszczenia powierzchnie i szerokie mo\u017cliwo\u015bci kolorystyczne. Zapewniaj\u0105 one elegancj\u0119 i praktyczno\u015b\u0107, co czyni je ulubionymi w nowoczesnym projektowaniu dom\u00f3w.<\/p>\n<h2>W\u0142a\u015bciwo\u015bci techniczne sklejki kompozytowej<\/h2>\n<p>Wyj\u0105tkowe w\u0142a\u015bciwo\u015bci techniczne sklejki kompozytowej zapewniaj\u0105 wysok\u0105 wydajno\u015b\u0107 we wszystkich zastosowaniach. Cechy te tworz\u0105 trwa\u0142\u0105 warto\u015b\u0107 dla profesjonalist\u00f3w z bran\u017cy budowlanej, projektowej i produkcyjnej.<\/p>\n<h3>Wytrzyma\u0142o\u015b\u0107 i trwa\u0142o\u015b\u0107<\/h3>\n<p>Sklejka kompozytowa, stworzona z my\u015bl\u0105 o ci\u0119\u017ckich zastosowaniach, zapewnia d\u0142ugotrwa\u0142\u0105 wytrzyma\u0142o\u015b\u0107 bez zwi\u0119kszania wagi.<\/p>\n<h3>Izolacja cieplna i akustyczna<\/h3>\n<p>Zapewnia komfortowe, energooszcz\u0119dne \u015brodowisko o doskona\u0142ych w\u0142a\u015bciwo\u015bciach izolacyjnych.<\/p>\n<h3>Higieniczna, antybakteryjna powierzchnia<\/h3>\n<p>Spe\u0142nia surowe wymagania higieniczne dla wra\u017cliwych \u015brodowisk.<\/p>\n<h3>Odporno\u015b\u0107 na promieniowanie UV i wod\u0119<\/h3>\n<p>Zachowuje wydajno\u015b\u0107 i wygl\u0105d nawet w trudnych warunkach.<\/p>\n<h3>\u0141atwa obr\u00f3bka<\/h3>\n<p>Umo\u017cliwia elastyczn\u0105 i szybk\u0105 realizacj\u0119 projekt\u00f3w, dzi\u0119ki czemu idealnie nadaje si\u0119 do kreatywnych i z\u0142o\u017conych projekt\u00f3w.<\/p>\n<h2>Rozwi\u0105zania ekonomiczne i korzy\u015bci cenowe<\/h2>\n<p>Sklejka kompozytowa oferuje optymaln\u0105 r\u00f3wnowag\u0119 mi\u0119dzy kosztami i trwa\u0142o\u015bci\u0105. Ceny dostosowane do projektu i przyst\u0119pne rozwi\u0105zania w zakresie paneli PVC zapewniaj\u0105 ka\u017cdemu klientowi maksymaln\u0105 warto\u015b\u0107, a trwa\u0142o\u015b\u0107 pomaga obni\u017cy\u0107 koszty konserwacji w miar\u0119 up\u0142ywu czasu.<\/p>\n<h2>Sklejka kompozytowa: Rozwi\u0105zania dla poszczeg\u00f3lnych sektor\u00f3w<\/h2>\n<h3>Ideal for Construction Projects<\/h3>\n<p>Whether for insulation, exterior cladding, or partition systems, Composite Plywood stands out as a versatile solution for modern buildings.<\/p>\n<h3>Innovative Approaches in Furniture Design<\/h3>\n<p>Combining visual appeal and strength, Composite Plywood enables new creative directions in furniture and decorative applications.<\/p>\n<h3>Commercial and Industrial Applications<\/h3>\n<p>In the world of commercial vehicles and industrial paneling, Composite Plywood delivers lightness, toughness, and practical value that set it apart from conventional materials.<\/p>\n<h2>Choose Composite Plywood for Modern Projects<\/h2>\n<p>Composite Plywood is the solution for those seeking long-lasting, economical, and environmentally responsible materials for their projects. It adapts perfectly to the demands of modern construction, furniture design, and transportation.<\/p>\n<h3>Partner with Us for the Future<\/h3>\n<p>Our mission is to provide high-quality, durable, and aesthetically pleasing products tailored to your needs. Contact us today for customized solutions in construction, furniture, automotive, or transport projects. Let us bring your ideas to life and help you build the structures of the future.<\/p>\n<\/section>\n<p>&nbsp;<\/p>\n<p>&nbsp;<\/p>\n<p>&nbsp;<\/p>\n<p>&nbsp;<\/p>\n\n\t\t<\/div>\n\t<\/div>\n\t\t<\/div>\n\t<\/div>\n<\/div>\n\n\n\n\t\t\n\t <\/div> <\/div>\n\n\n\n\n\n\n\n\n<\/div>","protected":false},"excerpt":{"rendered":"What is Composite Plywood and Why is it Preferred? Composite Plywood is a next-generation building material that offers innovative solutions for the modern construction and design industry. With its exceptional durability, lightweight structure, and attractive aesthetic, it surpasses traditional plywood by blending advanced materials into a homogeneous, high-performance product. Its superior mechanical properties make it &hellip; <a href=\"https:\/\/www.plyflex.pl\/pl\/what-is-composite-plywood-and-why-is-it-preferred\/\" class=\"more-link\">Continue reading <span class=\"screen-reader-text\">Czym jest sklejka kompozytowa i dlaczego jest preferowana?<\/span><\/a>","protected":false},"author":7,"featured_media":0,"parent":0,"menu_order":0,"comment_status":"closed","ping_status":"closed","template":"","meta":{"footnotes":""},"class_list":["post-2824","page","type-page","status-publish","hentry"],"yoast_head":"<!-- This site is optimized with the Yoast SEO Premium plugin v25.1 (Yoast SEO v25.5) - https:\/\/yoast.com\/wordpress\/plugins\/seo\/ -->\n<title>What is Composite Plywood and Why is it Preferred? - PlyFleX<\/title>\n<meta name=\"robots\" content=\"index, follow, max-snippet:-1, max-image-preview:large, max-video-preview:-1\" \/>\n<link rel=\"canonical\" href=\"https:\/\/www.plyflex.pl\/pl\/what-is-composite-plywood-and-why-is-it-preferred\/\" \/>\n<meta property=\"og:locale\" content=\"pl_PL\" \/>\n<meta property=\"og:type\" content=\"article\" \/>\n<meta property=\"og:title\" content=\"What is Composite Plywood and Why is it Preferred?\" \/>\n<meta property=\"og:url\" content=\"https:\/\/www.plyflex.pl\/pl\/what-is-composite-plywood-and-why-is-it-preferred\/\" \/>\n<meta property=\"og:site_name\" content=\"PlyFleX\" \/>\n<meta property=\"article:modified_time\" content=\"2025-07-20T16:33:57+00:00\" \/>\n<meta name=\"twitter:card\" content=\"summary_large_image\" \/>\n<meta name=\"twitter:label1\" content=\"Szacowany czas czytania\" \/>\n\t<meta name=\"twitter:data1\" content=\"5 minut\" \/>\n<script type=\"application\/ld+json\" class=\"yoast-schema-graph\">{\"@context\":\"https:\/\/schema.org\",\"@graph\":[{\"@type\":\"WebPage\",\"@id\":\"https:\/\/www.plyflex.pl\/what-is-composite-plywood-and-why-is-it-preferred\/\",\"url\":\"https:\/\/www.plyflex.pl\/what-is-composite-plywood-and-why-is-it-preferred\/\",\"name\":\"What is Composite Plywood and Why is it Preferred? - PlyFleX\",\"isPartOf\":{\"@id\":\"https:\/\/www.plyflex.pl\/#website\"},\"datePublished\":\"2025-07-13T17:00:29+00:00\",\"dateModified\":\"2025-07-20T16:33:57+00:00\",\"breadcrumb\":{\"@id\":\"https:\/\/www.plyflex.pl\/what-is-composite-plywood-and-why-is-it-preferred\/#breadcrumb\"},\"inLanguage\":\"pl-PL\",\"potentialAction\":[{\"@type\":\"ReadAction\",\"target\":[\"https:\/\/www.plyflex.pl\/what-is-composite-plywood-and-why-is-it-preferred\/\"]}]},{\"@type\":\"BreadcrumbList\",\"@id\":\"https:\/\/www.plyflex.pl\/what-is-composite-plywood-and-why-is-it-preferred\/#breadcrumb\",\"itemListElement\":[{\"@type\":\"ListItem\",\"position\":1,\"name\":\"Home\",\"item\":\"https:\/\/www.plyflex.pl\/\"},{\"@type\":\"ListItem\",\"position\":2,\"name\":\"What is Composite Plywood and Why is it Preferred?\"}]},{\"@type\":\"WebSite\",\"@id\":\"https:\/\/www.plyflex.pl\/#website\",\"url\":\"https:\/\/www.plyflex.pl\/\",\"name\":\"PlyFleX\",\"description\":\"Composite Plywood\",\"publisher\":{\"@id\":\"https:\/\/www.plyflex.pl\/#organization\"},\"potentialAction\":[{\"@type\":\"SearchAction\",\"target\":{\"@type\":\"EntryPoint\",\"urlTemplate\":\"https:\/\/www.plyflex.pl\/?s={search_term_string}\"},\"query-input\":{\"@type\":\"PropertyValueSpecification\",\"valueRequired\":true,\"valueName\":\"search_term_string\"}}],\"inLanguage\":\"pl-PL\"},{\"@type\":\"Organization\",\"@id\":\"https:\/\/www.plyflex.pl\/#organization\",\"name\":\"PlyFleX\",\"url\":\"https:\/\/www.plyflex.pl\/\",\"logo\":{\"@type\":\"ImageObject\",\"inLanguage\":\"pl-PL\",\"@id\":\"https:\/\/www.plyflex.pl\/#\/schema\/logo\/image\/\",\"url\":\"https:\/\/www.plyflex.pl\/wp-content\/uploads\/2025\/07\/logo400x246-2.png\",\"contentUrl\":\"https:\/\/www.plyflex.pl\/wp-content\/uploads\/2025\/07\/logo400x246-2.png\",\"width\":400,\"height\":246,\"caption\":\"PlyFleX\"},\"image\":{\"@id\":\"https:\/\/www.plyflex.pl\/#\/schema\/logo\/image\/\"}}]}<\/script>\n<!-- \/ Yoast SEO Premium plugin. -->","yoast_head_json":{"title":"What is Composite Plywood and Why is it Preferred? - PlyFleX","robots":{"index":"index","follow":"follow","max-snippet":"max-snippet:-1","max-image-preview":"max-image-preview:large","max-video-preview":"max-video-preview:-1"},"canonical":"https:\/\/www.plyflex.pl\/pl\/what-is-composite-plywood-and-why-is-it-preferred\/","og_locale":"pl_PL","og_type":"article","og_title":"What is Composite Plywood and Why is it Preferred?","og_url":"https:\/\/www.plyflex.pl\/pl\/what-is-composite-plywood-and-why-is-it-preferred\/","og_site_name":"PlyFleX","article_modified_time":"2025-07-20T16:33:57+00:00","twitter_card":"summary_large_image","twitter_misc":{"Szacowany czas czytania":"5 minut"},"schema":{"@context":"https:\/\/schema.org","@graph":[{"@type":"WebPage","@id":"https:\/\/www.plyflex.pl\/what-is-composite-plywood-and-why-is-it-preferred\/","url":"https:\/\/www.plyflex.pl\/what-is-composite-plywood-and-why-is-it-preferred\/","name":"What is Composite Plywood and Why is it Preferred? - PlyFleX","isPartOf":{"@id":"https:\/\/www.plyflex.pl\/#website"},"datePublished":"2025-07-13T17:00:29+00:00","dateModified":"2025-07-20T16:33:57+00:00","breadcrumb":{"@id":"https:\/\/www.plyflex.pl\/what-is-composite-plywood-and-why-is-it-preferred\/#breadcrumb"},"inLanguage":"pl-PL","potentialAction":[{"@type":"ReadAction","target":["https:\/\/www.plyflex.pl\/what-is-composite-plywood-and-why-is-it-preferred\/"]}]},{"@type":"BreadcrumbList","@id":"https:\/\/www.plyflex.pl\/what-is-composite-plywood-and-why-is-it-preferred\/#breadcrumb","itemListElement":[{"@type":"ListItem","position":1,"name":"Home","item":"https:\/\/www.plyflex.pl\/"},{"@type":"ListItem","position":2,"name":"What is Composite Plywood and Why is it Preferred?"}]},{"@type":"WebSite","@id":"https:\/\/www.plyflex.pl\/#website","url":"https:\/\/www.plyflex.pl\/","name":"PlyFleX","description":"Composite Plywood","publisher":{"@id":"https:\/\/www.plyflex.pl\/#organization"},"potentialAction":[{"@type":"SearchAction","target":{"@type":"EntryPoint","urlTemplate":"https:\/\/www.plyflex.pl\/?s={search_term_string}"},"query-input":{"@type":"PropertyValueSpecification","valueRequired":true,"valueName":"search_term_string"}}],"inLanguage":"pl-PL"},{"@type":"Organization","@id":"https:\/\/www.plyflex.pl\/#organization","name":"PlyFleX","url":"https:\/\/www.plyflex.pl\/","logo":{"@type":"ImageObject","inLanguage":"pl-PL","@id":"https:\/\/www.plyflex.pl\/#\/schema\/logo\/image\/","url":"https:\/\/www.plyflex.pl\/wp-content\/uploads\/2025\/07\/logo400x246-2.png","contentUrl":"https:\/\/www.plyflex.pl\/wp-content\/uploads\/2025\/07\/logo400x246-2.png","width":400,"height":246,"caption":"PlyFleX"},"image":{"@id":"https:\/\/www.plyflex.pl\/#\/schema\/logo\/image\/"}}]}},"_links":{"self":[{"href":"https:\/\/www.plyflex.pl\/pl\/wp-json\/wp\/v2\/pages\/2824","targetHints":{"allow":["GET"]}}],"collection":[{"href":"https:\/\/www.plyflex.pl\/pl\/wp-json\/wp\/v2\/pages"}],"about":[{"href":"https:\/\/www.plyflex.pl\/pl\/wp-json\/wp\/v2\/types\/page"}],"author":[{"embeddable":true,"href":"https:\/\/www.plyflex.pl\/pl\/wp-json\/wp\/v2\/users\/7"}],"replies":[{"embeddable":true,"href":"https:\/\/www.plyflex.pl\/pl\/wp-json\/wp\/v2\/comments?post=2824"}],"version-history":[{"count":2,"href":"https:\/\/www.plyflex.pl\/pl\/wp-json\/wp\/v2\/pages\/2824\/revisions"}],"predecessor-version":[{"id":3178,"href":"https:\/\/www.plyflex.pl\/pl\/wp-json\/wp\/v2\/pages\/2824\/revisions\/3178"}],"wp:attachment":[{"href":"https:\/\/www.plyflex.pl\/pl\/wp-json\/wp\/v2\/media?parent=2824"}],"curies":[{"name":"wp","href":"https:\/\/api.w.org\/{rel}","templated":true}]}}