{"id":870,"date":"2021-03-04T11:41:53","date_gmt":"2021-03-04T11:41:53","guid":{"rendered":"https:\/\/themetechmount.com\/wordpress\/fablio\/?page_id=870"},"modified":"2025-07-15T02:36:02","modified_gmt":"2025-07-14T23:36:02","slug":"contactus","status":"publish","type":"page","link":"https:\/\/www.plyflex.pl\/fr\/contactus\/","title":{"rendered":"Nous contacter"},"content":{"rendered":"<div class=\"wpb-content-wrapper\"><div data-vc-full-width=\"true\" data-vc-full-width-init=\"false\" class=\"tm-row wpb_row vc_row-fluid vc_custom_1616504718821 tm-responsive-custom-11023922 vc_column-gap-default tm-zindex-0 tm-bgimage-position-center_center\">\n\n\t\t\n\t <div class=\"vc_row container vc_column-gap-default\"> \t\n\t\t\n\n<div class=\"wpb_column tm-column vc_column_container vc_col-sm-12 tm-overlap-row tm-colum-shadow-box tm-zindex-0\">\n\t<div class=\"vc_column-inner vc_custom_1616580667165 tm-col-bgcolor-white tm-col-bgcolor-yes tm-responsive-custom-12408977\">\n\t\t<div class=\"tm-col-wrapper-bg-layer tm-bg-layer tm-bgimage-position-center_center\"><div class=\"tm-bg-layer-inner\"><\/div><\/div>\t\t<div class=\"wpb_wrapper\">\n\t\t\t<div class=\"tm-element-heading-wrapper tm-heading-inner tm-element-align-center tm-seperator-none tm-heading-style-vertical\"><section class=\"tm-vc_cta3-container\"><div class=\"tm-vc_general tm-vc_cta3 tm-cta3-only tm-vc_cta3-style-classic tm-vc_cta3-shape-rounded tm-vc_cta3-align-center tm-vc_cta3-color-transparent tm-vc_cta3-icon-size-md tm-vc_cta3-actions-no tm-cta3-without-desc\"><div class=\"tm-vc_cta3_content-container\"><div class=\"tm-vc_cta3-content\"><header class=\"tm-vc_cta3-content-header tm-wrap\"><div class=\"tm-vc_cta3-headers tm-wrap-cell\"><h2 class=\"tm-custom-heading\" >Contact <b>Formulaire<\/b><\/h2>\n<\/div><div class=\"heading-seperator\"><span><\/span><\/div><\/header><\/div><\/div><\/div><\/section><\/div> <!-- .tm-element-heading-wrapper container --> \n\t<div class=\"wpb_text_column wpb_content_element vc_custom_1616504175556 tm-center-text\" >\n\t\t<div class=\"wpb_wrapper\">\n\t\t\t<p>N'h\u00e9sitez pas \u00e0 nous contacter par <a class=\"tm-skincolor\" href=\"#\">Twitter<\/a> ou <a class=\"tm-skincolor\" href=\"#\">Facebook<\/a> si vous pr\u00e9f\u00e9rez.<\/p>\n\n\t\t<\/div>\n\t<\/div>\n\n<div class=\"wpcf7 no-js\" id=\"wpcf7-f873-o1\" lang=\"en-US\" dir=\"ltr\" data-wpcf7-id=\"873\">\n<div class=\"screen-reader-response\"><p role=\"status\" aria-live=\"polite\" aria-atomic=\"true\"><\/p> <ul><\/ul><\/div>\n<form action=\"\/fr\/wp-json\/wp\/v2\/pages\/870#wpcf7-f873-o1\" method=\"post\" class=\"wpcf7-form init\" aria-label=\"Contact form\" novalidate=\"novalidate\" data-status=\"init\" data-trp-original-action=\"\/fr\/wp-json\/wp\/v2\/pages\/870#wpcf7-f873-o1\">\n<fieldset class=\"hidden-fields-container\"><input type=\"hidden\" name=\"_wpcf7\" value=\"873\" \/><input type=\"hidden\" name=\"_wpcf7_version\" value=\"6.1\" \/><input type=\"hidden\" name=\"_wpcf7_locale\" value=\"en_US\" \/><input type=\"hidden\" name=\"_wpcf7_unit_tag\" value=\"wpcf7-f873-o1\" \/><input type=\"hidden\" name=\"_wpcf7_container_post\" value=\"0\" \/><input type=\"hidden\" name=\"_wpcf7_posted_data_hash\" value=\"\" \/>\n<\/fieldset>\n<div class=\"cmt-commonform cmt-contact-fablio\">\n\t<div class=\"row\">\n\t\t<div class=\"col-md-4\">\n\t\t\t<p><span class=\"wpcf7-form-control-wrap\" data-name=\"your-name\"><input size=\"40\" maxlength=\"400\" class=\"wpcf7-form-control wpcf7-text wpcf7-validates-as-required\" aria-required=\"true\" aria-invalid=\"false\" placeholder=\"Votre nom*\" value=\"\" type=\"text\" name=\"your-name\" \/><\/span>\n\t\t\t<\/p>\n\t\t<\/div>\n\t\t<div class=\"col-md-4\">\n\t\t\t<p><span class=\"wpcf7-form-control-wrap\" data-name=\"your-email\"><input size=\"40\" maxlength=\"400\" class=\"wpcf7-form-control wpcf7-email wpcf7-validates-as-required wpcf7-text wpcf7-validates-as-email\" aria-required=\"true\" aria-invalid=\"false\" placeholder=\"Votre courriel*\" value=\"\" type=\"email\" name=\"your-email\" \/><\/span>\n\t\t\t<\/p>\n\t\t<\/div>\n\t\t<div class=\"col-md-4\">\n\t\t\t<p><span class=\"wpcf7-form-control-wrap\" data-name=\"your-phone\"><input size=\"40\" maxlength=\"400\" class=\"wpcf7-form-control wpcf7-text wpcf7-validates-as-required\" aria-required=\"true\" aria-invalid=\"false\" placeholder=\"Num\u00e9ro de t\u00e9l\u00e9phone*\" value=\"\" type=\"text\" name=\"your-phone\" \/><\/span>\n\t\t\t<\/p>\n\t\t<\/div>\n\t<\/div>\n\t<div class=\"row\">\n\t\t<div class=\"col-md-6\">\n\t\t\t<p><span class=\"wpcf7-form-control-wrap\" data-name=\"your-cname\"><input size=\"40\" maxlength=\"400\" class=\"wpcf7-form-control wpcf7-text wpcf7-validates-as-required\" aria-required=\"true\" aria-invalid=\"false\" placeholder=\"Nom de l&#039;entreprise*\" value=\"\" type=\"text\" name=\"your-cname\" \/><\/span>\n\t\t\t<\/p>\n\t\t<\/div>\n\t\t<div class=\"col-md-6\">\n\t\t\t<p><span class=\"wpcf7-form-control-wrap\" data-name=\"your-subject\"><input size=\"40\" maxlength=\"400\" class=\"wpcf7-form-control wpcf7-text wpcf7-validates-as-required\" aria-required=\"true\" aria-invalid=\"false\" placeholder=\"Sujet*\" value=\"\" type=\"text\" name=\"your-subject\" \/><\/span>\n\t\t\t<\/p>\n\t\t<\/div>\n\t<\/div>\n\t<div class=\"row\">\n\t\t<div class=\"col-md-12\">\n\t\t\t<p><span class=\"wpcf7-form-control-wrap\" data-name=\"your-detail\"><textarea cols=\"20\" rows=\"5\" maxlength=\"2000\" class=\"wpcf7-form-control wpcf7-textarea wpcf7-validates-as-required\" aria-required=\"true\" aria-invalid=\"false\" placeholder=\"Message\" name=\"your-detail\"><\/textarea><\/span>\n\t\t\t<\/p>\n\t\t<\/div>\n\t<\/div>\n\t<div class=\"row\">\n\t\t<div class=\"col-md-12 cmt-frm-btn tm-center-text\">\n\t\t\t<p><input class=\"wpcf7-form-control wpcf7-submit has-spinner tm-vc_btn3 tm-vc_general tm-vc_btn3-shape-square tm-vc_btn3-color-skincolor\" type=\"submit\" value=\"Envoyer maintenant !\" \/>\n\t\t\t<div class=\"wpcf7-response-output\" aria-hidden=\"true\"><\/div>\n\t\t<\/div>\n\t<\/div>\n<\/div>\n<input type=\"hidden\" name=\"trp-form-language\" value=\"fr\"\/><\/form>\n<\/div>\n\t\t<\/div>\n\t<\/div>\n<\/div>\n\n\n\n\t\t\n\t <\/div> <\/div>\n\n\n<div class=\"vc_row-full-width vc_clearfix\"><\/div>\n\n\n\n\n\n\n\n\n<div data-vc-full-width=\"true\" data-vc-full-width-init=\"false\" class=\"tm-row wpb_row vc_row-fluid vc_custom_1616563183367 tm-responsive-custom-24827320 vc_column-gap-default break-991-colum tm-zindex-0 tm-bgimage-position-center_center\">\n\n\t\t\n\t <div class=\"vc_row container vc_column-gap-default vc_row-o-equal-height vc_row-flex\"> \t\n\t\t\n\n<div class=\"wpb_column tm-column vc_column_container vc_col-sm-5 tm-zindex-0\">\n\t<div class=\"vc_column-inner\">\n\t\t\t\t<div class=\"wpb_wrapper\">\n\t\t\t<div class=\"wpb_gmaps_widget wpb_content_element vc_custom_1752517527920\"><div class=\"wpb_wrapper\"><div class=\"wpb_map_wraper\"><iframe src=\"https:\/\/www.google.com\/maps\/embed?pb=!1m18!1m12!1m3!1d2434.3971002577982!2d17.056477976941945!3d52.39947894514518!2m3!1f0!2f0!3f0!3m2!1i1024!2i768!4f13.1!3m3!1m2!1s0x4704594584da6895%3A0x31743d4befaa5593!2sOsiedle%20Edwarda%20Raczy%C5%84skiego%2C%2062-020%20Swarz%C4%99dz!5e0!3m2!1str!2spl!4v1752517508287!5m2!1str!2spl\" width=\"600\" height=\"450\" style=\"border:0;\" allowfullscreen=\"\" loading=\"lazy\" referrerpolicy=\"no-referrer-when-downgrade\"><\/iframe><\/div><\/div><\/div>\t\t<\/div>\n\t<\/div>\n<\/div>\n\n\n\n\n\n<div class=\"wpb_column tm-column vc_column_container vc_col-sm-7 tm-zindex-0 margin-15px-991-colum\">\n\t<div class=\"vc_column-inner vc_custom_1616562471682 tm-responsive-custom-64263477\">\n\t\t\t\t<div class=\"wpb_wrapper\">\n\t\t\t<div class=\"tm-element-heading-wrapper tm-heading-inner tm-element-align-left tm-seperator-none tm-heading-style-vertical\"><section class=\"tm-vc_cta3-container\"><div class=\"tm-vc_general tm-vc_cta3 tm-cta3-only tm-vc_cta3-style-classic tm-vc_cta3-shape-rounded tm-vc_cta3-align-left tm-vc_cta3-color-transparent tm-vc_cta3-icon-size-md tm-vc_cta3-actions-no tm-cta3-with-desc\"><div class=\"tm-vc_cta3_content-container\"><div class=\"tm-vc_cta3-content\"><header class=\"tm-vc_cta3-content-header tm-wrap\"><div class=\"tm-vc_cta3-headers tm-wrap-cell\"><h4 class=\"tm-custom-heading\" >Contactez nous<\/h4>\n<h2 class=\"tm-custom-heading\" >Entrer <b>Touchez !<\/b><\/h2>\n<\/div><div class=\"heading-seperator\"><span><\/span><\/div><\/header><div class=\"tm-cta3-content-wrapper\"><p>Vous avez une question ou besoin de plus d'informations ?<br \/>\nContactez-nous d\u00e8s aujourd'hui - notre \u00e9quipe est pr\u00eate \u00e0 r\u00e9pondre \u00e0 tous vos besoins en mati\u00e8re de contreplaqu\u00e9 composite. Nous nous r\u00e9jouissons d'avance de votre appel !<\/p>\n<div id=\"gtx-trans\" style=\"position: absolute; left: -169px; top: -10px;\">\n<div class=\"gtx-trans-icon\"><\/div>\n<\/div>\n<p><\/div><\/div><\/div><\/div><\/section><\/div> <!-- .tm-element-heading-wrapper container --> <h2 style=\"text-align:left;font-size:24px;line-height:35px;\" class=\"tm-custom-heading vc_custom_1616562385975\" >Si\u00e8ge social<\/h2>\n<div class=\"vc_separator wpb_content_element vc_separator_align_center vc_sep_width_100 vc_sep_pos_align_center vc_separator_no_text vc_custom_1616505784779 wpb_content_element  vc_custom_1616505784779 wpb_content_element\" ><span class=\"vc_sep_holder vc_sep_holder_l\"><span style=\"border-color:#f3f3f3;\" class=\"vc_sep_line\"><\/span><\/span><span class=\"vc_sep_holder vc_sep_holder_r\"><span style=\"border-color:#f3f3f3;\" class=\"vc_sep_line\"><\/span><\/span>\n<\/div>\n<div class=\"tm-row-inner vc_row wpb_row vc_inner vc_row-fluid vc_custom_1616153273217 tm-zindex-0\">\n\t\n<div class=\"wpb_column tm-column-inner vc_column_container vc_col-sm-6 tm-zindex-0\">\n\t<div class=\"vc_column-inner\">\n\t\t \n\t\t<div class=\"wpb_wrapper\">\n\t\t\t<div class=\"themetechmount-iconbox themetechmount-iconbox-stylenine\">\n\t<div class=\"themetechmount-iconbox-inner tm-boxicon-small tm-iconstyle-rounded\">\n\t\t<div class=\"tm-iconbox-wrapper tm-wrap\">\n\t\t\t<div class=\"themetechmount-iconbox-icon tm-wrap-cell\">\n\t\t\t\t<div class=\"tm-box-icon\"><i class=\"themifyicon ti-location-pin\"><\/i><\/div>\t\n\t\t\t<\/div>\n\t\t\t<div class=\"themetechmount-iconbox-heading tm-wrap-cell\">\n\t\t\t\t<div class=\"tm-vc_general tm-vc_cta3 tm-cta3-only tm-vc_cta3-style-classic tm-vc_cta3-shape-rounded tm-vc_cta3-align-left tm-vc_cta3-color-transparent tm-vc_cta3-icon-size-md tm-vc_cta3-actions-no tm-cta3-with-desc\"><div class=\"tm-vc_cta3_content-container\"><div class=\"tm-vc_cta3-content\"><header class=\"tm-vc_cta3-content-header tm-wrap\"><div class=\"tm-vc_cta3-headers tm-wrap-cell\"><h2 class=\"tm-custom-heading\">Adresse<\/h2>\n<\/div><div class=\"heading-seperator\"><span><\/span><\/div><\/header><div class=\"tm-cta3-content-wrapper\"> <\/div><\/div><\/div><\/div>\t\t\t\t\t<div class=\"tm-iconbox-boxcontent\">\t\t\t\n\t\t\t\t\t<div class=\"tm-cta3-content-wrapper\">Stanis\u0142awa Taczaka 24\/103, 61-819 Pozna\u0144<\/div>\t\t\t\t\t<\/div>\n\t\t\t<\/div>\t\n\t\t<\/div>\n\t<\/div>\t\n<\/div>\n\t\t<\/div>\n\t<\/div>\n<\/div>\n\n\n<div class=\"wpb_column tm-column-inner vc_column_container vc_col-sm-6 tm-zindex-0\">\n\t<div class=\"vc_column-inner\">\n\t\t \n\t\t<div class=\"wpb_wrapper\">\n\t\t\t<div class=\"themetechmount-iconbox themetechmount-iconbox-stylenine\">\n\t<div class=\"themetechmount-iconbox-inner tm-boxicon-small tm-iconstyle-rounded\">\n\t\t<div class=\"tm-iconbox-wrapper tm-wrap\">\n\t\t\t<div class=\"themetechmount-iconbox-icon tm-wrap-cell\">\n\t\t\t\t<div class=\"tm-box-icon\"><i class=\"themifyicon ti-email\"><\/i><\/div>\t\n\t\t\t<\/div>\n\t\t\t<div class=\"themetechmount-iconbox-heading tm-wrap-cell\">\n\t\t\t\t<div class=\"tm-vc_general tm-vc_cta3 tm-cta3-only tm-vc_cta3-style-classic tm-vc_cta3-shape-rounded tm-vc_cta3-align-left tm-vc_cta3-color-transparent tm-vc_cta3-icon-size-md tm-vc_cta3-actions-no tm-cta3-with-desc\"><div class=\"tm-vc_cta3_content-container\"><div class=\"tm-vc_cta3-content\"><header class=\"tm-vc_cta3-content-header tm-wrap\"><div class=\"tm-vc_cta3-headers tm-wrap-cell\"><h2 class=\"tm-custom-heading\">Appelez-nous \/ Envoyez-nous un courriel<\/h2>\n<\/div><div class=\"heading-seperator\"><span><\/span><\/div><\/header><div class=\"tm-cta3-content-wrapper\"> <\/div><\/div><\/div><\/div>\t\t\t\t\t<div class=\"tm-iconbox-boxcontent\">\t\t\t\n\t\t\t\t\t<div class=\"tm-cta3-content-wrapper\">+48 883 057 547<br \/>\ninfo@plyflex.pl<\/div>\t\t\t\t\t<\/div>\n\t\t\t<\/div>\t\n\t\t<\/div>\n\t<\/div>\t\n<\/div>\n\t\t<\/div>\n\t<\/div>\n<\/div>\n\n<\/div>\n\n<h2 style=\"text-align:left;font-size:24px;line-height:35px;\" class=\"tm-custom-heading vc_custom_1616562396637\" >Succursale<\/h2>\n<div class=\"vc_separator wpb_content_element vc_separator_align_center vc_sep_width_100 vc_sep_pos_align_center vc_separator_no_text vc_custom_1616505791427 wpb_content_element  vc_custom_1616505791427 wpb_content_element\" ><span class=\"vc_sep_holder vc_sep_holder_l\"><span style=\"border-color:#f3f3f3;\" class=\"vc_sep_line\"><\/span><\/span><span class=\"vc_sep_holder vc_sep_holder_r\"><span style=\"border-color:#f3f3f3;\" class=\"vc_sep_line\"><\/span><\/span>\n<\/div>\n<div class=\"tm-row-inner vc_row wpb_row vc_inner vc_row-fluid vc_custom_1616153273217 tm-zindex-0\">\n\t\n<div class=\"wpb_column tm-column-inner vc_column_container vc_col-sm-6 tm-zindex-0\">\n\t<div class=\"vc_column-inner\">\n\t\t \n\t\t<div class=\"wpb_wrapper\">\n\t\t\t<div class=\"themetechmount-iconbox themetechmount-iconbox-stylenine\">\n\t<div class=\"themetechmount-iconbox-inner tm-boxicon-small tm-iconstyle-rounded\">\n\t\t<div class=\"tm-iconbox-wrapper tm-wrap\">\n\t\t\t<div class=\"themetechmount-iconbox-icon tm-wrap-cell\">\n\t\t\t\t<div class=\"tm-box-icon\"><i class=\"themifyicon ti-location-pin\"><\/i><\/div>\t\n\t\t\t<\/div>\n\t\t\t<div class=\"themetechmount-iconbox-heading tm-wrap-cell\">\n\t\t\t\t<div class=\"tm-vc_general tm-vc_cta3 tm-cta3-only tm-vc_cta3-style-classic tm-vc_cta3-shape-rounded tm-vc_cta3-align-left tm-vc_cta3-color-transparent tm-vc_cta3-icon-size-md tm-vc_cta3-actions-no tm-cta3-with-desc\"><div class=\"tm-vc_cta3_content-container\"><div class=\"tm-vc_cta3-content\"><header class=\"tm-vc_cta3-content-header tm-wrap\"><div class=\"tm-vc_cta3-headers tm-wrap-cell\"><h2 class=\"tm-custom-heading\">Adresse<\/h2>\n<\/div><div class=\"heading-seperator\"><span><\/span><\/div><\/header><div class=\"tm-cta3-content-wrapper\"> <\/div><\/div><\/div><\/div>\t\t\t\t\t<div class=\"tm-iconbox-boxcontent\">\t\t\t\n\t\t\t\t\t<div class=\"tm-cta3-content-wrapper\">Os.Edwarda Raczy\u0144skiego 8\/1<br \/>\n62-020 Swarz\u0119dz<\/div>\t\t\t\t\t<\/div>\n\t\t\t<\/div>\t\n\t\t<\/div>\n\t<\/div>\t\n<\/div>\n\t\t<\/div>\n\t<\/div>\n<\/div>\n\n\n<div class=\"wpb_column tm-column-inner vc_column_container vc_col-sm-6 tm-zindex-0\">\n\t<div class=\"vc_column-inner\">\n\t\t \n\t\t<div class=\"wpb_wrapper\">\n\t\t\t<div class=\"themetechmount-iconbox themetechmount-iconbox-stylenine\">\n\t<div class=\"themetechmount-iconbox-inner tm-boxicon-small tm-iconstyle-rounded\">\n\t\t<div class=\"tm-iconbox-wrapper tm-wrap\">\n\t\t\t<div class=\"themetechmount-iconbox-icon tm-wrap-cell\">\n\t\t\t\t<div class=\"tm-box-icon\"><i class=\"themifyicon ti-email\"><\/i><\/div>\t\n\t\t\t<\/div>\n\t\t\t<div class=\"themetechmount-iconbox-heading tm-wrap-cell\">\n\t\t\t\t<div class=\"tm-vc_general tm-vc_cta3 tm-cta3-only tm-vc_cta3-style-classic tm-vc_cta3-shape-rounded tm-vc_cta3-align-left tm-vc_cta3-color-transparent tm-vc_cta3-icon-size-md tm-vc_cta3-actions-no tm-cta3-with-desc\"><div class=\"tm-vc_cta3_content-container\"><div class=\"tm-vc_cta3-content\"><header class=\"tm-vc_cta3-content-header tm-wrap\"><div class=\"tm-vc_cta3-headers tm-wrap-cell\"><h2 class=\"tm-custom-heading\">Appelez-nous \/ Envoyez-nous un courriel<\/h2>\n<\/div><div class=\"heading-seperator\"><span><\/span><\/div><\/header><div class=\"tm-cta3-content-wrapper\"> <\/div><\/div><\/div><\/div>\t\t\t\t\t<div class=\"tm-iconbox-boxcontent\">\t\t\t\n\t\t\t\t\t<div class=\"tm-cta3-content-wrapper\">+48 577 956 772<br \/>\nsales@plyflex.pl<\/div>\t\t\t\t\t<\/div>\n\t\t\t<\/div>\t\n\t\t<\/div>\n\t<\/div>\t\n<\/div>\n\t\t<\/div>\n\t<\/div>\n<\/div>\n\n<\/div>\n\n\t\t<\/div>\n\t<\/div>\n<\/div>\n\n\n\n\t\t\n\t <\/div> <\/div>\n\n\n<div class=\"vc_row-full-width vc_clearfix\"><\/div>\n<\/div>","protected":false},"excerpt":{"rendered":"Contact Form Feel free to contact us through Twitter or Facebook if you prefer. Contact us Get In Touch! Have a question or need more information? Contact us today\u2014our team is ready to assist you with all your composite plywood needs. We look forward to hearing from you! Head Office Address Stanis\u0142awa Taczaka 24\/103, 61-819 &hellip; <a href=\"https:\/\/www.plyflex.pl\/fr\/contactus\/\" class=\"more-link\">Continue reading <span class=\"screen-reader-text\">Nous contacter<\/span><\/a>","protected":false},"author":1,"featured_media":0,"parent":0,"menu_order":0,"comment_status":"closed","ping_status":"closed","template":"","meta":{"footnotes":""},"class_list":["post-870","page","type-page","status-publish","hentry"],"yoast_head":"<!-- This site is optimized with the Yoast SEO Premium plugin v25.1 (Yoast SEO v25.5) - https:\/\/yoast.com\/wordpress\/plugins\/seo\/ -->\n<title>Contact Us - PlyFleX<\/title>\n<meta name=\"robots\" content=\"index, follow, max-snippet:-1, max-image-preview:large, max-video-preview:-1\" \/>\n<link rel=\"canonical\" href=\"https:\/\/www.plyflex.pl\/fr\/contactus\/\" \/>\n<meta property=\"og:locale\" content=\"fr_FR\" \/>\n<meta property=\"og:type\" content=\"article\" \/>\n<meta property=\"og:title\" content=\"Contact Us\" \/>\n<meta property=\"og:url\" content=\"https:\/\/www.plyflex.pl\/fr\/contactus\/\" \/>\n<meta property=\"og:site_name\" content=\"PlyFleX\" \/>\n<meta property=\"article:modified_time\" content=\"2025-07-14T23:36:02+00:00\" \/>\n<meta name=\"twitter:card\" content=\"summary_large_image\" \/>\n<meta name=\"twitter:label1\" content=\"Dur\u00e9e de lecture estim\u00e9e\" \/>\n\t<meta name=\"twitter:data1\" content=\"3 minutes\" \/>\n<script type=\"application\/ld+json\" class=\"yoast-schema-graph\">{\"@context\":\"https:\/\/schema.org\",\"@graph\":[{\"@type\":\"WebPage\",\"@id\":\"https:\/\/www.plyflex.pl\/contactus\/\",\"url\":\"https:\/\/www.plyflex.pl\/contactus\/\",\"name\":\"Contact Us - PlyFleX\",\"isPartOf\":{\"@id\":\"https:\/\/www.plyflex.pl\/#website\"},\"datePublished\":\"2021-03-04T11:41:53+00:00\",\"dateModified\":\"2025-07-14T23:36:02+00:00\",\"breadcrumb\":{\"@id\":\"https:\/\/www.plyflex.pl\/contactus\/#breadcrumb\"},\"inLanguage\":\"fr-FR\",\"potentialAction\":[{\"@type\":\"ReadAction\",\"target\":[\"https:\/\/www.plyflex.pl\/contactus\/\"]}]},{\"@type\":\"BreadcrumbList\",\"@id\":\"https:\/\/www.plyflex.pl\/contactus\/#breadcrumb\",\"itemListElement\":[{\"@type\":\"ListItem\",\"position\":1,\"name\":\"Home\",\"item\":\"https:\/\/www.plyflex.pl\/\"},{\"@type\":\"ListItem\",\"position\":2,\"name\":\"Contact Us\"}]},{\"@type\":\"WebSite\",\"@id\":\"https:\/\/www.plyflex.pl\/#website\",\"url\":\"https:\/\/www.plyflex.pl\/\",\"name\":\"PlyFleX\",\"description\":\"Composite Plywood\",\"publisher\":{\"@id\":\"https:\/\/www.plyflex.pl\/#organization\"},\"potentialAction\":[{\"@type\":\"SearchAction\",\"target\":{\"@type\":\"EntryPoint\",\"urlTemplate\":\"https:\/\/www.plyflex.pl\/?s={search_term_string}\"},\"query-input\":{\"@type\":\"PropertyValueSpecification\",\"valueRequired\":true,\"valueName\":\"search_term_string\"}}],\"inLanguage\":\"fr-FR\"},{\"@type\":\"Organization\",\"@id\":\"https:\/\/www.plyflex.pl\/#organization\",\"name\":\"PlyFleX\",\"url\":\"https:\/\/www.plyflex.pl\/\",\"logo\":{\"@type\":\"ImageObject\",\"inLanguage\":\"fr-FR\",\"@id\":\"https:\/\/www.plyflex.pl\/#\/schema\/logo\/image\/\",\"url\":\"https:\/\/www.plyflex.pl\/wp-content\/uploads\/2025\/07\/logo400x246-2.png\",\"contentUrl\":\"https:\/\/www.plyflex.pl\/wp-content\/uploads\/2025\/07\/logo400x246-2.png\",\"width\":400,\"height\":246,\"caption\":\"PlyFleX\"},\"image\":{\"@id\":\"https:\/\/www.plyflex.pl\/#\/schema\/logo\/image\/\"}}]}<\/script>\n<!-- \/ Yoast SEO Premium plugin. -->","yoast_head_json":{"title":"Contact Us - PlyFleX","robots":{"index":"index","follow":"follow","max-snippet":"max-snippet:-1","max-image-preview":"max-image-preview:large","max-video-preview":"max-video-preview:-1"},"canonical":"https:\/\/www.plyflex.pl\/fr\/contactus\/","og_locale":"fr_FR","og_type":"article","og_title":"Contact Us","og_url":"https:\/\/www.plyflex.pl\/fr\/contactus\/","og_site_name":"PlyFleX","article_modified_time":"2025-07-14T23:36:02+00:00","twitter_card":"summary_large_image","twitter_misc":{"Dur\u00e9e de lecture estim\u00e9e":"3 minutes"},"schema":{"@context":"https:\/\/schema.org","@graph":[{"@type":"WebPage","@id":"https:\/\/www.plyflex.pl\/contactus\/","url":"https:\/\/www.plyflex.pl\/contactus\/","name":"Contact Us - PlyFleX","isPartOf":{"@id":"https:\/\/www.plyflex.pl\/#website"},"datePublished":"2021-03-04T11:41:53+00:00","dateModified":"2025-07-14T23:36:02+00:00","breadcrumb":{"@id":"https:\/\/www.plyflex.pl\/contactus\/#breadcrumb"},"inLanguage":"fr-FR","potentialAction":[{"@type":"ReadAction","target":["https:\/\/www.plyflex.pl\/contactus\/"]}]},{"@type":"BreadcrumbList","@id":"https:\/\/www.plyflex.pl\/contactus\/#breadcrumb","itemListElement":[{"@type":"ListItem","position":1,"name":"Home","item":"https:\/\/www.plyflex.pl\/"},{"@type":"ListItem","position":2,"name":"Contact Us"}]},{"@type":"WebSite","@id":"https:\/\/www.plyflex.pl\/#website","url":"https:\/\/www.plyflex.pl\/","name":"PlyFleX","description":"Composite Plywood","publisher":{"@id":"https:\/\/www.plyflex.pl\/#organization"},"potentialAction":[{"@type":"SearchAction","target":{"@type":"EntryPoint","urlTemplate":"https:\/\/www.plyflex.pl\/?s={search_term_string}"},"query-input":{"@type":"PropertyValueSpecification","valueRequired":true,"valueName":"search_term_string"}}],"inLanguage":"fr-FR"},{"@type":"Organization","@id":"https:\/\/www.plyflex.pl\/#organization","name":"PlyFleX","url":"https:\/\/www.plyflex.pl\/","logo":{"@type":"ImageObject","inLanguage":"fr-FR","@id":"https:\/\/www.plyflex.pl\/#\/schema\/logo\/image\/","url":"https:\/\/www.plyflex.pl\/wp-content\/uploads\/2025\/07\/logo400x246-2.png","contentUrl":"https:\/\/www.plyflex.pl\/wp-content\/uploads\/2025\/07\/logo400x246-2.png","width":400,"height":246,"caption":"PlyFleX"},"image":{"@id":"https:\/\/www.plyflex.pl\/#\/schema\/logo\/image\/"}}]}},"_links":{"self":[{"href":"https:\/\/www.plyflex.pl\/fr\/wp-json\/wp\/v2\/pages\/870","targetHints":{"allow":["GET"]}}],"collection":[{"href":"https:\/\/www.plyflex.pl\/fr\/wp-json\/wp\/v2\/pages"}],"about":[{"href":"https:\/\/www.plyflex.pl\/fr\/wp-json\/wp\/v2\/types\/page"}],"author":[{"embeddable":true,"href":"https:\/\/www.plyflex.pl\/fr\/wp-json\/wp\/v2\/users\/1"}],"replies":[{"embeddable":true,"href":"https:\/\/www.plyflex.pl\/fr\/wp-json\/wp\/v2\/comments?post=870"}],"version-history":[{"count":3,"href":"https:\/\/www.plyflex.pl\/fr\/wp-json\/wp\/v2\/pages\/870\/revisions"}],"predecessor-version":[{"id":3028,"href":"https:\/\/www.plyflex.pl\/fr\/wp-json\/wp\/v2\/pages\/870\/revisions\/3028"}],"wp:attachment":[{"href":"https:\/\/www.plyflex.pl\/fr\/wp-json\/wp\/v2\/media?parent=870"}],"curies":[{"name":"wp","href":"https:\/\/api.w.org\/{rel}","templated":true}]}}